{"id":4603,"date":"2024-06-19T10:10:20","date_gmt":"2024-06-19T08:10:20","guid":{"rendered":"https:\/\/erabsweden.se\/?page_id=4603"},"modified":"2025-02-18T07:56:30","modified_gmt":"2025-02-18T06:56:30","slug":"regulering-av-industriskorsteiner","status":"publish","type":"page","link":"https:\/\/erabsweden.se\/no\/regelverk-av-industriskorstenar\/","title":{"rendered":"Forskrifter for industriskorsteiner"},"content":{"rendered":"\t\t<div data-elementor-type=\"wp-page\" data-elementor-id=\"4603\" class=\"elementor elementor-4603\" data-elementor-post-type=\"page\">\n\t\t\t\t\t\t<section class=\"elementor-section elementor-top-section elementor-element elementor-element-e7e7d17 elementor-section-boxed elementor-section-height-default elementor-section-height-default\" data-id=\"e7e7d17\" data-element_type=\"section\" data-e-type=\"section\" id=\"inner-page\">\n\t\t\t\t\t\t<div class=\"elementor-container elementor-column-gap-default\">\n\t\t\t\t\t<div class=\"elementor-column elementor-col-50 elementor-top-column elementor-element elementor-element-a68c0f7\" data-id=\"a68c0f7\" data-element_type=\"column\" data-e-type=\"column\">\n\t\t\t<div class=\"elementor-widget-wrap elementor-element-populated\">\n\t\t\t\t\t\t<div class=\"elementor-element elementor-element-56e98e2 elementor-widget elementor-widget-spacer\" data-id=\"56e98e2\" data-element_type=\"widget\" data-e-type=\"widget\" data-widget_type=\"spacer.default\">\n\t\t\t\t<div class=\"elementor-widget-container\">\n\t\t\t\t\t\t\t<div class=\"elementor-spacer\">\n\t\t\t<div class=\"elementor-spacer-inner\"><\/div>\n\t\t<\/div>\n\t\t\t\t\t\t<\/div>\n\t\t\t\t<\/div>\n\t\t\t\t<div class=\"elementor-element elementor-element-2b9902a elementor-widget elementor-widget-spacer\" data-id=\"2b9902a\" data-element_type=\"widget\" data-e-type=\"widget\" data-widget_type=\"spacer.default\">\n\t\t\t\t<div class=\"elementor-widget-container\">\n\t\t\t\t\t\t\t<div class=\"elementor-spacer\">\n\t\t\t<div class=\"elementor-spacer-inner\"><\/div>\n\t\t<\/div>\n\t\t\t\t\t\t<\/div>\n\t\t\t\t<\/div>\n\t\t\t\t<section class=\"elementor-section elementor-inner-section elementor-element elementor-element-03fa537 elementor-section-boxed elementor-section-height-default elementor-section-height-default\" data-id=\"03fa537\" data-element_type=\"section\" data-e-type=\"section\">\n\t\t\t\t\t\t<div class=\"elementor-container elementor-column-gap-default\">\n\t\t\t\t\t<div class=\"elementor-column elementor-col-50 elementor-inner-column elementor-element elementor-element-715f8cd\" data-id=\"715f8cd\" data-element_type=\"column\" data-e-type=\"column\">\n\t\t\t<div class=\"elementor-widget-wrap elementor-element-populated\">\n\t\t\t\t\t\t<div class=\"elementor-element elementor-element-af4ae35 elementor-widget elementor-widget-text-editor\" data-id=\"af4ae35\" data-element_type=\"widget\" data-e-type=\"widget\" data-widget_type=\"text-editor.default\">\n\t\t\t\t<div class=\"elementor-widget-container\">\n\t\t\t\t\t\t\t\t\t<p style=\"font-weight: 400;\">Alla skorstenar, oavsett om de \u00e4r gjorda av tegel, betong eller st\u00e5l, bryts emellertid ner med tiden. M\u00e5nga industriskorstenar \u00e4r s\u00e5 gamla att de b\u00f6rjar bli uttj\u00e4nta.<\/p><p style=\"font-weight: 400;\">De som \u00e4ger de anl\u00e4ggningar d\u00e4r industriskorstenarna finns \u00e4r s\u00e4llan medvetna om hur illa st\u00e4llt det egentligen \u00e4r med skorstenarna och de olyckor som detta kan leda till om man inte g\u00f6r n\u00e5gonting \u00e5t det.<\/p><p style=\"font-weight: 400;\"><span style=\"letter-spacing: 0.4px;\">De flesta anl\u00e4ggnings\u00e4gare \u00e4r inte heller medvetna om att man som \u00e4gare \u00e4r juridiskt ansvarig om n\u00e5gonting skulle h\u00e4nda.<\/span><\/p>\t\t\t\t\t\t\t\t<\/div>\n\t\t\t\t<\/div>\n\t\t\t\t\t<\/div>\n\t\t<\/div>\n\t\t\t\t<div class=\"elementor-column elementor-col-50 elementor-inner-column elementor-element elementor-element-e2c6d0b\" data-id=\"e2c6d0b\" data-element_type=\"column\" data-e-type=\"column\">\n\t\t\t<div class=\"elementor-widget-wrap elementor-element-populated\">\n\t\t\t\t\t\t<div class=\"elementor-element elementor-element-c1ed469 elementor-widget elementor-widget-text-editor\" data-id=\"c1ed469\" data-element_type=\"widget\" data-e-type=\"widget\" data-widget_type=\"text-editor.default\">\n\t\t\t\t<div class=\"elementor-widget-container\">\n\t\t\t\t\t\t\t\t\t<p style=\"font-weight: 400;\"><span style=\"color: var( --e-global-color-text ); letter-spacing: var( --e-global-typography-text-letter-spacing );\">Med mer \u00e4n 60 \u00e5r i branschen vet VI vad som g\u00e4ller. Vi har investerat tid och pengar f\u00f6r att sammanfatta och \u00f6vers\u00e4tta regelverk f\u00f6r att underl\u00e4tta och hj\u00e4lpa v\u00e5ra kunder.<\/span><\/p>\t\t\t\t\t\t\t\t<\/div>\n\t\t\t\t<\/div>\n\t\t\t\t<div class=\"elementor-element elementor-element-72eaf8d elementor-widget elementor-widget-image\" data-id=\"72eaf8d\" data-element_type=\"widget\" data-e-type=\"widget\" data-widget_type=\"image.default\">\n\t\t\t\t<div class=\"elementor-widget-container\">\n\t\t\t\t\t\t\t\t\t\t\t\t\t\t\t<img fetchpriority=\"high\" decoding=\"async\" width=\"3490\" height=\"2113\" src=\"https:\/\/erabsweden.se\/wp-content\/uploads\/2024\/06\/Erab-regelverk.png\" class=\"attachment-full size-full wp-image-4605\" alt=\"\" srcset=\"https:\/\/erabsweden.se\/wp-content\/uploads\/2024\/06\/Erab-regelverk.png 3490w, https:\/\/erabsweden.se\/wp-content\/uploads\/2024\/06\/Erab-regelverk-300x182.png 300w, https:\/\/erabsweden.se\/wp-content\/uploads\/2024\/06\/Erab-regelverk-1024x620.png 1024w, https:\/\/erabsweden.se\/wp-content\/uploads\/2024\/06\/Erab-regelverk-768x465.png 768w, https:\/\/erabsweden.se\/wp-content\/uploads\/2024\/06\/Erab-regelverk-1536x930.png 1536w, https:\/\/erabsweden.se\/wp-content\/uploads\/2024\/06\/Erab-regelverk-2048x1240.png 2048w, https:\/\/erabsweden.se\/wp-content\/uploads\/2024\/06\/Erab-regelverk-18x12.png 18w\" sizes=\"(max-width: 3490px) 100vw, 3490px\" \/>\t\t\t\t\t\t\t\t\t\t\t\t\t\t\t<\/div>\n\t\t\t\t<\/div>\n\t\t\t\t\t<\/div>\n\t\t<\/div>\n\t\t\t\t\t<\/div>\n\t\t<\/section>\n\t\t\t\t<section class=\"elementor-section elementor-inner-section elementor-element elementor-element-fdfbb7e elementor-section-boxed elementor-section-height-default elementor-section-height-default\" data-id=\"fdfbb7e\" data-element_type=\"section\" data-e-type=\"section\">\n\t\t\t\t\t\t<div class=\"elementor-container elementor-column-gap-default\">\n\t\t\t\t\t<div class=\"elementor-column elementor-col-50 elementor-inner-column elementor-element elementor-element-2457ea7\" data-id=\"2457ea7\" data-element_type=\"column\" data-e-type=\"column\">\n\t\t\t<div class=\"elementor-widget-wrap elementor-element-populated\">\n\t\t\t\t\t\t<div class=\"elementor-element elementor-element-a63f804 elementor-widget elementor-widget-heading\" data-id=\"a63f804\" data-element_type=\"widget\" data-e-type=\"widget\" data-widget_type=\"heading.default\">\n\t\t\t\t<div class=\"elementor-widget-container\">\n\t\t\t\t\t<h2 class=\"elementor-heading-title elementor-size-default\">Vill du veta:<\/h2>\t\t\t\t<\/div>\n\t\t\t\t<\/div>\n\t\t\t\t<div class=\"elementor-element elementor-element-1a46862 elementor-widget elementor-widget-text-editor\" data-id=\"1a46862\" data-element_type=\"widget\" data-e-type=\"widget\" data-widget_type=\"text-editor.default\">\n\t\t\t\t<div class=\"elementor-widget-container\">\n\t\t\t\t\t\t\t\t\t<ul><li class=\"m_-8175678722693023754MsoListParagraph\">Vilka regler g\u00e4ller f\u00f6r industriskorstenar?<u><\/u><u><\/u><\/li><li class=\"m_-8175678722693023754MsoListParagraph\">Hur ofta ska en industriskorsten besiktas?<u><\/u><u><\/u><\/li><li class=\"m_-8175678722693023754MsoListParagraph\">Vad innefattar en besiktning?<u><\/u><u><\/u><\/li><li class=\"m_-8175678722693023754MsoListParagraph\">Hur du ska tolka ett besiktningsprotokoll?<u><\/u><u><\/u><\/li><li class=\"m_-8175678722693023754MsoListParagraph\">Hur du\u00a0minskar produktionsavbrott och sparar tid och pengar?<\/li><\/ul>\t\t\t\t\t\t\t\t<\/div>\n\t\t\t\t<\/div>\n\t\t\t\t\t<\/div>\n\t\t<\/div>\n\t\t\t\t<div class=\"elementor-column elementor-col-50 elementor-inner-column elementor-element elementor-element-d77b445\" data-id=\"d77b445\" data-element_type=\"column\" data-e-type=\"column\">\n\t\t\t<div class=\"elementor-widget-wrap elementor-element-populated\">\n\t\t\t\t\t\t<div class=\"elementor-element elementor-element-c40573d elementor-widget elementor-widget-image\" data-id=\"c40573d\" data-element_type=\"widget\" data-e-type=\"widget\" data-widget_type=\"image.default\">\n\t\t\t\t<div class=\"elementor-widget-container\">\n\t\t\t\t\t\t\t\t\t\t\t\t\t\t\t<img decoding=\"async\" width=\"960\" height=\"1280\" src=\"https:\/\/erabsweden.se\/wp-content\/uploads\/2024\/06\/regelverk-skorsten.jpg\" class=\"attachment-full size-full wp-image-4606\" alt=\"\" srcset=\"https:\/\/erabsweden.se\/wp-content\/uploads\/2024\/06\/regelverk-skorsten.jpg 960w, https:\/\/erabsweden.se\/wp-content\/uploads\/2024\/06\/regelverk-skorsten-225x300.jpg 225w, https:\/\/erabsweden.se\/wp-content\/uploads\/2024\/06\/regelverk-skorsten-768x1024.jpg 768w, https:\/\/erabsweden.se\/wp-content\/uploads\/2024\/06\/regelverk-skorsten-9x12.jpg 9w\" sizes=\"(max-width: 960px) 100vw, 960px\" \/>\t\t\t\t\t\t\t\t\t\t\t\t\t\t\t<\/div>\n\t\t\t\t<\/div>\n\t\t\t\t\t<\/div>\n\t\t<\/div>\n\t\t\t\t\t<\/div>\n\t\t<\/section>\n\t\t\t\t\t<\/div>\n\t\t<\/div>\n\t\t\t\t<div class=\"elementor-column elementor-col-50 elementor-top-column elementor-element elementor-element-76788f9 elementor-hidden-tablet elementor-hidden-mobile\" data-id=\"76788f9\" data-element_type=\"column\" data-e-type=\"column\">\n\t\t\t<div class=\"elementor-widget-wrap elementor-element-populated\">\n\t\t\t\t\t\t<section class=\"elementor-section elementor-inner-section elementor-element elementor-element-a4a7704 elementor-section-boxed elementor-section-height-default elementor-section-height-default\" data-id=\"a4a7704\" data-element_type=\"section\" data-e-type=\"section\" data-settings=\"{&quot;sticky&quot;:&quot;top&quot;,&quot;sticky_on&quot;:[&quot;desktop&quot;,&quot;tablet&quot;],&quot;sticky_offset&quot;:110,&quot;sticky_parent&quot;:&quot;yes&quot;,&quot;sticky_effects_offset&quot;:1,&quot;sticky_anchor_link_offset&quot;:0}\">\n\t\t\t\t\t\t<div class=\"elementor-container elementor-column-gap-default\">\n\t\t\t\t\t<div class=\"elementor-column elementor-col-100 elementor-inner-column elementor-element elementor-element-ff31785\" data-id=\"ff31785\" data-element_type=\"column\" data-e-type=\"column\" data-settings=\"{&quot;background_background&quot;:&quot;classic&quot;}\">\n\t\t\t<div class=\"elementor-widget-wrap elementor-element-populated\">\n\t\t\t\t\t\t<div class=\"elementor-element elementor-element-330e7df elementor-widget elementor-widget-image\" data-id=\"330e7df\" data-element_type=\"widget\" data-e-type=\"widget\" data-widget_type=\"image.default\">\n\t\t\t\t<div class=\"elementor-widget-container\">\n\t\t\t\t\t\t\t\t\t\t\t\t\t\t\t<img decoding=\"async\" width=\"150\" height=\"150\" src=\"https:\/\/erabsweden.se\/wp-content\/uploads\/2022\/03\/direction.png\" class=\"attachment-full size-full wp-image-2438\" alt=\"\" \/>\t\t\t\t\t\t\t\t\t\t\t\t\t\t\t<\/div>\n\t\t\t\t<\/div>\n\t\t\t\t<div class=\"elementor-element elementor-element-ccfbd80 elementor-widget elementor-widget-text-editor\" data-id=\"ccfbd80\" data-element_type=\"widget\" data-e-type=\"widget\" data-widget_type=\"text-editor.default\">\n\t\t\t\t<div class=\"elementor-widget-container\">\n\t\t\t\t\t\t\t\t\t<p>Hitta r\u00e4tt l\u00f6sning f\u00f6r era behov.<\/p>\t\t\t\t\t\t\t\t<\/div>\n\t\t\t\t<\/div>\n\t\t\t\t<div class=\"elementor-element elementor-element-e86e282 elementor-widget elementor-widget-button\" data-id=\"e86e282\" data-element_type=\"widget\" data-e-type=\"widget\" id=\"float-btn-side\" data-widget_type=\"button.default\">\n\t\t\t\t<div class=\"elementor-widget-container\">\n\t\t\t\t\t\t\t\t\t<div class=\"elementor-button-wrapper\">\n\t\t\t\t\t<a class=\"elementor-button elementor-button-link elementor-size-sm\" href=\"https:\/\/erabsweden.se\/kontakta-oss\/\">\n\t\t\t\t\t\t<span class=\"elementor-button-content-wrapper\">\n\t\t\t\t\t\t\t\t\t<span class=\"elementor-button-text\">Kontakta oss!<\/span>\n\t\t\t\t\t<\/span>\n\t\t\t\t\t<\/a>\n\t\t\t\t<\/div>\n\t\t\t\t\t\t\t\t<\/div>\n\t\t\t\t<\/div>\n\t\t\t\t\t<\/div>\n\t\t<\/div>\n\t\t\t\t\t<\/div>\n\t\t<\/section>\n\t\t\t\t\t<\/div>\n\t\t<\/div>\n\t\t\t\t\t<\/div>\n\t\t<\/section>\n\t\t\t\t<section class=\"elementor-section elementor-top-section elementor-element elementor-element-d6c13c4 elementor-section-height-min-height elementor-section-boxed elementor-section-height-default elementor-section-items-middle\" data-id=\"d6c13c4\" data-element_type=\"section\" data-e-type=\"section\" data-settings=\"{&quot;background_background&quot;:&quot;classic&quot;}\">\n\t\t\t\t\t\t<div class=\"elementor-container elementor-column-gap-default\">\n\t\t\t\t\t<div class=\"elementor-column elementor-col-100 elementor-top-column elementor-element elementor-element-75c4d30\" data-id=\"75c4d30\" data-element_type=\"column\" data-e-type=\"column\">\n\t\t\t<div class=\"elementor-widget-wrap elementor-element-populated\">\n\t\t\t\t\t\t<div class=\"elementor-element elementor-element-173bad6 elementor-widget elementor-widget-heading\" data-id=\"173bad6\" data-element_type=\"widget\" data-e-type=\"widget\" data-widget_type=\"heading.default\">\n\t\t\t\t<div class=\"elementor-widget-container\">\n\t\t\t\t\t<h2 class=\"elementor-heading-title elementor-size-default\">Fyll i formul\u00e4ret nedan s\u00e5 skickar vi informationen till dig.\n\n<\/h2>\t\t\t\t<\/div>\n\t\t\t\t<\/div>\n\t\t\t\t<div class=\"elementor-element elementor-element-1ef739a elementor-tablet-button-align-end elementor-button-align-end elementor-widget elementor-widget-form\" data-id=\"1ef739a\" data-element_type=\"widget\" data-e-type=\"widget\" data-settings=\"{&quot;step_next_label&quot;:&quot;Next&quot;,&quot;step_previous_label&quot;:&quot;Previous&quot;,&quot;button_width_tablet&quot;:&quot;100&quot;,&quot;step_type&quot;:&quot;number_text&quot;,&quot;step_icon_shape&quot;:&quot;circle&quot;}\" data-widget_type=\"form.default\">\n\t\t\t\t<div class=\"elementor-widget-container\">\n\t\t\t\t\t\t\t<form class=\"elementor-form\" method=\"post\" name=\"CTA Kontakta oss\" aria-label=\"CTA Kontakta oss\">\n\t\t\t<input type=\"hidden\" name=\"post_id\" value=\"4603\"\/>\n\t\t\t<input type=\"hidden\" name=\"form_id\" value=\"1ef739a\"\/>\n\t\t\t<input type=\"hidden\" name=\"referer_title\" value=\"Regelverk f\u00f6r industriskorstenar\" \/>\n\n\t\t\t\t\t\t\t<input type=\"hidden\" name=\"queried_id\" value=\"4603\"\/>\n\t\t\t\n\t\t\t<div class=\"elementor-form-fields-wrapper elementor-labels-above\">\n\t\t\t\t\t\t\t\t<div class=\"elementor-field-type-text elementor-field-group elementor-column elementor-field-group-name elementor-col-50 elementor-md-100 elementor-field-required\">\n\t\t\t\t\t\t\t\t\t\t\t\t<label for=\"form-field-name\" class=\"elementor-field-label\">\n\t\t\t\t\t\t\t\tNamn\t\t\t\t\t\t\t<\/label>\n\t\t\t\t\t\t\t\t\t\t\t\t\t\t<input size=\"1\" type=\"text\" name=\"form_fields[name]\" id=\"form-field-name\" class=\"elementor-field elementor-size-lg  elementor-field-textual\" placeholder=\"F\u00f6r-och efternamn\" required=\"required\">\n\t\t\t\t\t\t\t\t\t\t\t<\/div>\n\t\t\t\t\t\t\t\t<div class=\"elementor-field-type-text elementor-field-group elementor-column elementor-field-group-field_da7a06e elementor-col-50 elementor-md-100 elementor-field-required\">\n\t\t\t\t\t\t\t\t\t\t\t\t<label for=\"form-field-field_da7a06e\" class=\"elementor-field-label\">\n\t\t\t\t\t\t\t\tF\u00f6retag\t\t\t\t\t\t\t<\/label>\n\t\t\t\t\t\t\t\t\t\t\t\t\t\t<input size=\"1\" type=\"text\" name=\"form_fields[field_da7a06e]\" id=\"form-field-field_da7a06e\" class=\"elementor-field elementor-size-lg  elementor-field-textual\" placeholder=\"F\u00f6retag\" required=\"required\">\n\t\t\t\t\t\t\t\t\t\t\t<\/div>\n\t\t\t\t\t\t\t\t<div class=\"elementor-field-type-email elementor-field-group elementor-column elementor-field-group-email elementor-col-50 elementor-md-50 elementor-field-required\">\n\t\t\t\t\t\t\t\t\t\t\t\t<label for=\"form-field-email\" class=\"elementor-field-label\">\n\t\t\t\t\t\t\t\tE-postadress\t\t\t\t\t\t\t<\/label>\n\t\t\t\t\t\t\t\t\t\t\t\t\t\t<input size=\"1\" type=\"email\" name=\"form_fields[email]\" id=\"form-field-email\" class=\"elementor-field elementor-size-lg  elementor-field-textual\" placeholder=\"E-postadress\" required=\"required\">\n\t\t\t\t\t\t\t\t\t\t\t<\/div>\n\t\t\t\t\t\t\t\t<div class=\"elementor-field-type-tel elementor-field-group elementor-column elementor-field-group-field_1 elementor-col-50 elementor-md-50 elementor-field-required\">\n\t\t\t\t\t\t\t\t\t\t\t\t<label for=\"form-field-field_1\" class=\"elementor-field-label\">\n\t\t\t\t\t\t\t\tTelefon\t\t\t\t\t\t\t<\/label>\n\t\t\t\t\t\t\t\t<input size=\"1\" type=\"tel\" name=\"form_fields[field_1]\" id=\"form-field-field_1\" class=\"elementor-field elementor-size-lg  elementor-field-textual\" placeholder=\"Telefon\" required=\"required\" pattern=\"[0-9()#&amp;+*-=.]+\" title=\"Endast siffror och telefontecken (#, -, *, etc) accepteras.\">\n\n\t\t\t\t\t\t<\/div>\n\t\t\t\t\t\t\t\t<div class=\"elementor-field-type-select elementor-field-group elementor-column elementor-field-group-field_ea65594 elementor-col-100 elementor-field-required\">\n\t\t\t\t\t\t\t\t\t\t\t\t<label for=\"form-field-field_ea65594\" class=\"elementor-field-label\">\n\t\t\t\t\t\t\t\tJag \u00f6nskar info om:\t\t\t\t\t\t\t<\/label>\n\t\t\t\t\t\t\t\t<div class=\"elementor-field elementor-select-wrapper remove-before \">\n\t\t\t<div class=\"select-caret-down-wrapper\">\n\t\t\t\t<svg aria-hidden=\"true\" class=\"e-font-icon-svg e-eicon-caret-down\" viewBox=\"0 0 571.4 571.4\" xmlns=\"http:\/\/www.w3.org\/2000\/svg\"><path d=\"M571 393Q571 407 561 418L311 668Q300 679 286 679T261 668L11 418Q0 407 0 393T11 368 36 357H536Q550 357 561 368T571 393Z\"><\/path><\/svg>\t\t\t<\/div>\n\t\t\t<select name=\"form_fields[field_ea65594]\" id=\"form-field-field_ea65594\" class=\"elementor-field-textual elementor-size-lg\" required=\"required\">\n\t\t\t\t\t\t\t\t\t<option value=\"Regelverk industriskorstenar\">Regelverk industriskorstenar<\/option>\n\t\t\t\t\t\t\t\t\t<option value=\"Besiktningsintervaller\">Besiktningsintervaller<\/option>\n\t\t\t\t\t\t\t\t\t<option value=\"Beskrivning besiktning\">Beskrivning besiktning<\/option>\n\t\t\t\t\t\t\t\t\t<option value=\"Besiktningsprotokoll-f\u00f6rst\u00e5 och agera\">Besiktningsprotokoll-f\u00f6rst\u00e5 och agera<\/option>\n\t\t\t\t\t\t\t\t\t<option value=\"Minskade produktionsavbrott och besparingar\">Minskade produktionsavbrott och besparingar<\/option>\n\t\t\t\t\t\t\t\t\t<option value=\"\"><\/option>\n\t\t\t\t\t\t\t<\/select>\n\t\t<\/div>\n\t\t\t\t\t\t<\/div>\n\t\t\t\t\t\t\t\t<div class=\"elementor-field-type-recaptcha_v3 elementor-field-group elementor-column elementor-field-group-field_4b0d0db elementor-col-100 recaptcha_v3-bottomright\">\n\t\t\t\t\t<div class=\"elementor-field\" id=\"form-field-field_4b0d0db\"><div class=\"elementor-g-recaptcha\" data-sitekey=\"6LcartkeAAAAAAdLSjlOnN8p-HkPGuXtL_KNxN2-\" data-type=\"v3\" data-action=\"Form\" data-badge=\"bottomright\" data-size=\"invisible\"><\/div><\/div>\t\t\t\t<\/div>\n\t\t\t\t\t\t\t\t<div class=\"elementor-field-group elementor-column elementor-field-type-submit elementor-col-100 e-form__buttons elementor-md-100\">\n\t\t\t\t\t<button class=\"elementor-button elementor-size-lg\" type=\"submit\">\n\t\t\t\t\t\t<span class=\"elementor-button-content-wrapper\">\n\t\t\t\t\t\t\t\t\t\t\t\t\t\t\t\t\t\t\t\t\t\t<span class=\"elementor-button-text\">Skicka<\/span>\n\t\t\t\t\t\t\t\t\t\t\t\t\t<\/span>\n\t\t\t\t\t<\/button>\n\t\t\t\t<\/div>\n\t\t\t<\/div>\n\t\t<\/form>\n\t\t\t\t\t\t<\/div>\n\t\t\t\t<\/div>\n\t\t\t\t\t<\/div>\n\t\t<\/div>\n\t\t\t\t\t<\/div>\n\t\t<\/section>\n\t\t\t\t<\/div>\n\t\t","protected":false},"excerpt":{"rendered":"<p>Alla skorstenar, oavsett om de \u00e4r gjorda av tegel, betong eller st\u00e5l, bryts emellertid ner med tiden. M\u00e5nga industriskorstenar \u00e4r s\u00e5 gamla att de b\u00f6rjar bli uttj\u00e4nta. De som \u00e4ger de anl\u00e4ggningar d\u00e4r industriskorstenarna finns \u00e4r s\u00e4llan medvetna om hur illa st\u00e4llt det egentligen \u00e4r med skorstenarna och de olyckor som detta kan leda till [&hellip;]<\/p>\n","protected":false},"author":333,"featured_media":0,"parent":0,"menu_order":0,"comment_status":"closed","ping_status":"closed","template":"","meta":{"inline_featured_image":false,"footnotes":""},"class_list":["post-4603","page","type-page","status-publish","hentry"],"_links":{"self":[{"href":"https:\/\/erabsweden.se\/no\/wp-json\/wp\/v2\/pages\/4603","targetHints":{"allow":["GET"]}}],"collection":[{"href":"https:\/\/erabsweden.se\/no\/wp-json\/wp\/v2\/pages"}],"about":[{"href":"https:\/\/erabsweden.se\/no\/wp-json\/wp\/v2\/types\/page"}],"author":[{"embeddable":true,"href":"https:\/\/erabsweden.se\/no\/wp-json\/wp\/v2\/users\/333"}],"replies":[{"embeddable":true,"href":"https:\/\/erabsweden.se\/no\/wp-json\/wp\/v2\/comments?post=4603"}],"version-history":[{"count":19,"href":"https:\/\/erabsweden.se\/no\/wp-json\/wp\/v2\/pages\/4603\/revisions"}],"predecessor-version":[{"id":5633,"href":"https:\/\/erabsweden.se\/no\/wp-json\/wp\/v2\/pages\/4603\/revisions\/5633"}],"wp:attachment":[{"href":"https:\/\/erabsweden.se\/no\/wp-json\/wp\/v2\/media?parent=4603"}],"curies":[{"name":"wp","href":"https:\/\/api.w.org\/{rel}","templated":true}]}}