{"id":3,"date":"2021-11-23T07:30:26","date_gmt":"2021-11-23T06:30:26","guid":{"rendered":"https:\/\/erabsweden.se\/?page_id=3"},"modified":"2024-07-05T10:32:46","modified_gmt":"2024-07-05T08:32:46","slug":"personvernerklaering-erab","status":"publish","type":"page","link":"https:\/\/erabsweden.se\/no\/integritetspolicy-erab\/","title":{"rendered":"Retningslinjer for personvern"},"content":{"rendered":"<div data-elementor-type=\"wp-page\" data-elementor-id=\"3\" class=\"elementor elementor-3\" data-elementor-post-type=\"page\">\n\t\t\t\t\t\t<section class=\"elementor-section elementor-top-section elementor-element elementor-element-0639681 elementor-section-boxed elementor-section-height-default elementor-section-height-default\" data-id=\"0639681\" data-element_type=\"section\" data-e-type=\"section\">\n\t\t\t\t\t\t<div class=\"elementor-container elementor-column-gap-default\">\n\t\t\t\t\t<div class=\"elementor-column elementor-col-100 elementor-top-column elementor-element elementor-element-11f26e4\" data-id=\"11f26e4\" data-element_type=\"column\" data-e-type=\"column\">\n\t\t\t<div class=\"elementor-widget-wrap elementor-element-populated\">\n\t\t\t\t\t\t<div class=\"elementor-element elementor-element-a925857 elementor-widget elementor-widget-spacer\" data-id=\"a925857\" data-element_type=\"widget\" data-e-type=\"widget\" data-widget_type=\"spacer.default\">\n\t\t\t\t<div class=\"elementor-widget-container\">\n\t\t\t\t\t\t\t<div class=\"elementor-spacer\">\n\t\t\t<div class=\"elementor-spacer-inner\"><\/div>\n\t\t<\/div>\n\t\t\t\t\t\t<\/div>\n\t\t\t\t<\/div>\n\t\t\t\t<div class=\"elementor-element elementor-element-32a0ba5 elementor-widget elementor-widget-spacer\" data-id=\"32a0ba5\" data-element_type=\"widget\" data-e-type=\"widget\" data-widget_type=\"spacer.default\">\n\t\t\t\t<div class=\"elementor-widget-container\">\n\t\t\t\t\t\t\t<div class=\"elementor-spacer\">\n\t\t\t<div class=\"elementor-spacer-inner\"><\/div>\n\t\t<\/div>\n\t\t\t\t\t\t<\/div>\n\t\t\t\t<\/div>\n\t\t\t\t<section class=\"elementor-section elementor-inner-section elementor-element elementor-element-2548714 elementor-section-boxed elementor-section-height-default elementor-section-height-default\" data-id=\"2548714\" data-element_type=\"section\" data-e-type=\"section\">\n\t\t\t\t\t\t<div class=\"elementor-container elementor-column-gap-default\">\n\t\t\t\t\t<div class=\"elementor-column elementor-col-100 elementor-inner-column elementor-element elementor-element-26470e6\" data-id=\"26470e6\" data-element_type=\"column\" data-e-type=\"column\">\n\t\t\t<div class=\"elementor-widget-wrap elementor-element-populated\">\n\t\t\t\t\t\t<div class=\"elementor-element elementor-element-6e488f8 elementor-widget elementor-widget-text-editor\" data-id=\"6e488f8\" data-element_type=\"widget\" data-e-type=\"widget\" data-widget_type=\"text-editor.default\">\n\t\t\t\t<div class=\"elementor-widget-container\">\n\t\t\t\t\t\t\t\t\t<p><strong>1. Personopplysninger<\/strong><\/p><p><strong>1.1<\/strong> Vi behandler kun de personopplysningene du gir oss for at ERAB skal kunne oppfylle avtalen v\u00e5r, eller de opplysningene vi mottar gjennom andre, for eksempel byggherrer, kunder eller lignende. Personopplysningene som samles inn best\u00e5r vanligvis av f\u00f8lgende:<\/p><p>Kontaktinformasjon i form av fornavn, etternavn, adresse, e-post og telefonnummer.<br \/>Fotodokumentasjon for \u00e5 dokumentere skader, arbeid, inspeksjoner osv.<\/p><p>Noen ganger ogs\u00e5 personnummer for \u00e5 kunne registrere ansatte p\u00e5 kurs, sertifikater, adgangss\u00f8knader, innreisetillatelser, oppfylle lovp\u00e5lagte krav, rapportering til myndigheter osv.<\/p><p><strong>1.2<\/strong> Vi kan motta informasjon om deg fra andre parter som du har bedt om hjelp. Dette kan for eksempel v\u00e6re entrepren\u00f8rer, lokale h\u00e5ndverkere, samarbeidspartnere eller lignende.<\/p><p><strong>1.3<\/strong> Innsamling av personopplysninger. Alle opplysninger samles inn av oss i ERAB p\u00e5 dine nettsider, gjennom din bedrifts telefonsentral, via dine ansatte, dvs. direkte innsamling uten involvering av tredjeparter, med mindre en underleverand\u00f8r har bedt oss om hjelp og vi har mottatt personopplysninger som er delt med oss.<\/p><p><strong>2. Bruk av personopplysninger<\/strong><\/p><p><strong>2.1<\/strong> Form\u00e5let med denne datainnsamlingen er \u00e5 oppfylle og opprettholde avtaler vi har inng\u00e5tt med deg om arbeid knyttet til skorsteinsarbeider og tilh\u00f8rende detaljer, inspeksjoner av disse eller tilbudsforesp\u00f8rsler, samt garanti- eller servicesaker.<\/p><p><strong>2.2<\/strong> Vi behandler kun de personopplysningene som er n\u00f8dvendige og relevante for \u00e5 oppfylle v\u00e5rt form\u00e5l med personopplysningene.<\/p><p><strong>3. lagring av personopplysningene dine<\/strong><\/p><p><strong>3.1<\/strong> Personopplysningene dine lagres internt p\u00e5 serveren, datamaskinene og telefonene v\u00e5re. Innlogging til serveren, datamaskinene og telefonene er passordbeskyttet for \u00e5 begrense uautorisert tilgang. Serveren og IT-driften leveres av Teknik Kontor Servrar i \u00d6rebro AB Data (556501-1938). Vi arbeider med Microsofts Office 365-tjenester som oppfyller kravene i GDPR.<\/p><p><strong>3.2<\/strong> Alle data lagres i EU og er derfor beskyttet av EUs personvernforordning.<\/p><p><strong>3.3<\/strong> Sammen med v\u00e5r IT-drift s\u00f8rger vi kontinuerlig for at alle sikkerhetsmessige og organisatoriske sikkerhetstiltak iverksettes for \u00e5 sikre at personopplysningene dine ikke \u00f8delegges eller kommer p\u00e5 avveie p\u00e5 ulovlig vis. I tillegg s\u00f8rger vi for at uautoriserte personer ikke f\u00e5r tilgang til \u00e5 behandle eller misbruke opplysningene p\u00e5 en m\u00e5te som er i strid med gjeldende regler for behandling av personopplysninger.<\/p><p><strong>4. Deling av data<\/strong><\/p><p><strong>4.1<\/strong> Vi kan dele personopplysningene dine med leverand\u00f8rer, underleverand\u00f8rer, uavhengige takstmenn, forsikringsselskaper, banker, r\u00e5dgivere osv. hvis det er n\u00f8dvendig for \u00e5 oppfylle kontrakten v\u00e5r med deg.<\/p><p><strong>4.2<\/strong> I tillegg kan vi dele personopplysningene dine hvis vi m\u00e5 gi eller dele informasjon om deg med offentlige myndigheter.<\/p><p><strong>5. sletting av personopplysninger<\/strong><\/p><p><strong>5.1<\/strong> Vi lagrer kun personopplysninger s\u00e5 lenge det er n\u00f8dvendig for \u00e5 oppfylle form\u00e5let eller er p\u00e5krevd i henhold til annen svensk lov, for eksempel, men ikke n\u00f8dvendigvis begrenset til, bokf\u00f8ringsloven, juridiske forpliktelser eller avtalevilk\u00e5r.<\/p><p><strong>5.2<\/strong> Du kan n\u00e5r som helst be oss om \u00e5 slette informasjon som er lagret om deg.<\/p><p><strong>6. Dine rettigheter<\/strong><\/p><p><strong>6.1<\/strong> Du har alltid rett til \u00e5 f\u00e5 vite hvilke personopplysninger vi har lagret om deg. Hvis du \u00f8nsker \u00e5 f\u00e5 denne informasjonen, kan du kontakte oss via e-post eller telefon.<\/p><p><strong>6.2<\/strong> Du har ogs\u00e5 rett til \u00e5 protestere, be om \u00e5 f\u00e5 slettet eller begrenset behandlingen av personopplysningene dine.<\/p><p><strong>6.3<\/strong> Hvis du har klager p\u00e5 v\u00e5r behandling av dine personopplysninger, kan du kontakte Datatilsynet p\u00e5 telefon 08-657 61 00 eller via e-post: datainspektionen@datainspektionen.se<\/p><p><strong>7. Ansvarlig for data<\/strong><\/p><p><strong>7.1<\/strong> Personopplysningene dine samles inn og behandles av:<\/p><p>ERAB (Entreprenadreparationer i \u00d6rebro AB)<br \/>Gamla v\u00e4gen 3<br \/>SE-702 27 \u00d6rebro<\/p><p>Org. Nr: 556476-2424<br \/>Tlf: 019-10 53 90<br \/>E-post: ERAB@erabsweden.se<\/p><p><strong>8. Prosedyrer for h\u00e5ndtering av data<\/strong><\/p><p><strong>8.1<\/strong> To ganger i \u00e5ret gjennomg\u00e5s alle ansatte og enheter (datamaskiner, servere, telefoner osv.) som lagrer informasjon i selskapet, for \u00e5 sikre at alt er i samsvar med retningslinjene v\u00e5re.<\/p><p><strong>9. Kameraoverv\u00e5king<\/strong><\/p><p><strong>9.1<\/strong> Eiendommene v\u00e5re overv\u00e5kes med kameraer ved inngangspartiene i kriminalitetsforebyggende \u00f8yemed. Dette gj\u00f8res utenfor eiendommen og ved inngangspartiene. Overv\u00e5kingen foreg\u00e5r kun p\u00e5 v\u00e5r eiendom og er tydelig merket med skilt og kontaktinformasjon til oss. Det er kun video som tas opp og lagres i henhold til personvernforordningen.<\/p><p>Lydopptaket er ikke tilgjengelig.<\/p>\t\t\t\t\t\t\t\t<\/div>\n\t\t\t\t<\/div>\n\t\t\t\t\t<\/div>\n\t\t<\/div>\n\t\t\t\t\t<\/div>\n\t\t<\/section>\n\t\t\t\t\t<\/div>\n\t\t<\/div>\n\t\t\t\t\t<\/div>\n\t\t<\/section>\n\t\t\t\t<\/div>","protected":false},"excerpt":{"rendered":"<p>1. Personliga uppgifter 1.1 Vi behandlar endast den personliga data som ni ger till oss f\u00f6r att ERAB skall kunna uppfylla v\u00e5rt avtal, eller de data vi f\u00e5r genom andra s\u00e5som byggherre, uppdragsgivare eller liknande. Den insamlade personliga datan best\u00e5r vanligtvis av f\u00f6ljande: Kontaktinformation i form av; f\u00f6rnamn, efternamn, adress, e-mail samt telefonnummer.Fotodokumentation f\u00f6r att [&hellip;]<\/p>\n","protected":false},"author":1,"featured_media":0,"parent":0,"menu_order":0,"comment_status":"closed","ping_status":"closed","template":"","meta":{"inline_featured_image":false,"footnotes":""},"class_list":["post-3","page","type-page","status-publish","hentry"],"_links":{"self":[{"href":"https:\/\/erabsweden.se\/no\/wp-json\/wp\/v2\/pages\/3","targetHints":{"allow":["GET"]}}],"collection":[{"href":"https:\/\/erabsweden.se\/no\/wp-json\/wp\/v2\/pages"}],"about":[{"href":"https:\/\/erabsweden.se\/no\/wp-json\/wp\/v2\/types\/page"}],"author":[{"embeddable":true,"href":"https:\/\/erabsweden.se\/no\/wp-json\/wp\/v2\/users\/1"}],"replies":[{"embeddable":true,"href":"https:\/\/erabsweden.se\/no\/wp-json\/wp\/v2\/comments?post=3"}],"version-history":[{"count":4,"href":"https:\/\/erabsweden.se\/no\/wp-json\/wp\/v2\/pages\/3\/revisions"}],"predecessor-version":[{"id":5192,"href":"https:\/\/erabsweden.se\/no\/wp-json\/wp\/v2\/pages\/3\/revisions\/5192"}],"wp:attachment":[{"href":"https:\/\/erabsweden.se\/no\/wp-json\/wp\/v2\/media?parent=3"}],"curies":[{"name":"wp","href":"https:\/\/api.w.org\/{rel}","templated":true}]}}