{"id":3,"date":"2021-11-23T07:30:26","date_gmt":"2021-11-23T06:30:26","guid":{"rendered":"https:\/\/erabsweden.se\/?page_id=3"},"modified":"2024-07-05T10:32:46","modified_gmt":"2024-07-05T08:32:46","slug":"datenschutzerklarung-erab","status":"publish","type":"page","link":"https:\/\/erabsweden.se\/de\/integritetspolicy-erab\/","title":{"rendered":"Datenschutzbestimmungen"},"content":{"rendered":"<div data-elementor-type=\"wp-page\" data-elementor-id=\"3\" class=\"elementor elementor-3\" data-elementor-post-type=\"page\">\n\t\t\t\t\t\t<section class=\"elementor-section elementor-top-section elementor-element elementor-element-0639681 elementor-section-boxed elementor-section-height-default elementor-section-height-default\" data-id=\"0639681\" data-element_type=\"section\" data-e-type=\"section\">\n\t\t\t\t\t\t<div class=\"elementor-container elementor-column-gap-default\">\n\t\t\t\t\t<div class=\"elementor-column elementor-col-100 elementor-top-column elementor-element elementor-element-11f26e4\" data-id=\"11f26e4\" data-element_type=\"column\" data-e-type=\"column\">\n\t\t\t<div class=\"elementor-widget-wrap elementor-element-populated\">\n\t\t\t\t\t\t<div class=\"elementor-element elementor-element-a925857 elementor-widget elementor-widget-spacer\" data-id=\"a925857\" data-element_type=\"widget\" data-e-type=\"widget\" data-widget_type=\"spacer.default\">\n\t\t\t\t<div class=\"elementor-widget-container\">\n\t\t\t\t\t\t\t<div class=\"elementor-spacer\">\n\t\t\t<div class=\"elementor-spacer-inner\"><\/div>\n\t\t<\/div>\n\t\t\t\t\t\t<\/div>\n\t\t\t\t<\/div>\n\t\t\t\t<div class=\"elementor-element elementor-element-32a0ba5 elementor-widget elementor-widget-spacer\" data-id=\"32a0ba5\" data-element_type=\"widget\" data-e-type=\"widget\" data-widget_type=\"spacer.default\">\n\t\t\t\t<div class=\"elementor-widget-container\">\n\t\t\t\t\t\t\t<div class=\"elementor-spacer\">\n\t\t\t<div class=\"elementor-spacer-inner\"><\/div>\n\t\t<\/div>\n\t\t\t\t\t\t<\/div>\n\t\t\t\t<\/div>\n\t\t\t\t<section class=\"elementor-section elementor-inner-section elementor-element elementor-element-2548714 elementor-section-boxed elementor-section-height-default elementor-section-height-default\" data-id=\"2548714\" data-element_type=\"section\" data-e-type=\"section\">\n\t\t\t\t\t\t<div class=\"elementor-container elementor-column-gap-default\">\n\t\t\t\t\t<div class=\"elementor-column elementor-col-100 elementor-inner-column elementor-element elementor-element-26470e6\" data-id=\"26470e6\" data-element_type=\"column\" data-e-type=\"column\">\n\t\t\t<div class=\"elementor-widget-wrap elementor-element-populated\">\n\t\t\t\t\t\t<div class=\"elementor-element elementor-element-6e488f8 elementor-widget elementor-widget-text-editor\" data-id=\"6e488f8\" data-element_type=\"widget\" data-e-type=\"widget\" data-widget_type=\"text-editor.default\">\n\t\t\t\t<div class=\"elementor-widget-container\">\n\t\t\t\t\t\t\t\t\t<p><strong>1. personenbezogene Daten<\/strong><\/p><p><strong>1.1<\/strong> Wir verarbeiten nur die personenbezogenen Daten, die Sie uns zur Verf\u00fcgung stellen, damit der ERAB seinen Vertrag erf\u00fcllen kann, oder die Daten, die wir von anderen erhalten, z. B. von Entwicklern, Kunden o. \u00e4.. Die erhobenen personenbezogenen Daten bestehen in der Regel aus den folgenden Angaben:<\/p><p>Kontaktinformationen in Form von Vorname, Nachname, Adresse, E-Mail und Telefonnummer.<br \/>Fotodokumentation zur Dokumentation von Sch\u00e4den, Arbeiten, Inspektionen usw.<\/p><p>Manchmal auch Sozialversicherungsnummern, um das Personal zu Kursen anzumelden, Bescheinigungen, Zugangsantr\u00e4ge, Einreisegenehmigungen, die Erf\u00fcllung gesetzlicher Anforderungen, Meldungen an Beh\u00f6rden usw. zu erm\u00f6glichen.<\/p><p><strong>1.2<\/strong> Wir k\u00f6nnen Informationen \u00fcber Sie von anderen Parteien erhalten, die Sie um Hilfe gebeten haben. Das k\u00f6nnen z. B. Auftragnehmer, \u00f6rtliche Handwerker, Partner oder \u00c4hnliches sein.<\/p><p><strong>1.3<\/strong> Erhebung von personenbezogenen Daten. Alle Daten werden von uns im ERAB auf Ihren Websites, \u00fcber die Telefonzentrale Ihres Unternehmens, \u00fcber Ihre Mitarbeiter, d. h. direkt und ohne Einschaltung Dritter erhoben, es sei denn, ein Unterauftragnehmer hat uns um Hilfe gebeten und wir haben personenbezogene Daten erhalten, die uns mitgeteilt wurden.<\/p><p><strong>2. Verwendung von personenbezogenen Daten<\/strong><\/p><p><strong>2.1<\/strong> Zweck dieser Datenerhebung ist die Erf\u00fcllung und Aufrechterhaltung der mit Ihnen abgeschlossenen Vertr\u00e4ge \u00fcber Arbeiten an Schornsteinen und damit zusammenh\u00e4ngende Angaben, \u00dcberpr\u00fcfungen oder Angebotsanfragen sowie Garantie- oder Serviceangelegenheiten.<\/p><p><strong>2.2<\/strong> Wir verarbeiten nur die personenbezogenen Daten, die notwendig und relevant sind, um unseren Zweck mit den personenbezogenen Daten zu erf\u00fcllen.<\/p><p><strong>3. Speicherung Ihrer personenbezogenen Daten<\/strong><\/p><p><strong>3.1<\/strong> Ihre pers\u00f6nlichen Daten werden intern auf unserem Server, unseren Computern und Telefonen gespeichert. Der Zugang zum Server, zu den Computern und zu den Telefonen ist durch ein Passwort gesch\u00fctzt, um den unbefugten Zugang zu begrenzen. Der Server und der IT-Betrieb werden von Teknik Kontor Servrar i \u00d6rebro AB Data (556501-1938) bereitgestellt. Wir arbeiten mit den Office-365-Diensten von Microsoft, die die Anforderungen der GDPR erf\u00fcllen.<\/p><p><strong>3.2<\/strong> Alle Daten werden in der EU gespeichert und sind daher durch die Allgemeine Datenschutzverordnung gesch\u00fctzt.<\/p><p><strong>3.3<\/strong> Zusammen mit unserem IT-Betrieb sorgen wir kontinuierlich daf\u00fcr, dass alle sicherheitsrelevanten und organisatorischen Ma\u00dfnahmen ergriffen werden, um zu gew\u00e4hrleisten, dass Ihre personenbezogenen Daten nicht zerst\u00f6rt werden oder unrechtm\u00e4\u00dfig verloren gehen. Dar\u00fcber hinaus stellen wir sicher, dass Unbefugte keinen Zugang haben, um die Informationen in einer Weise zu verarbeiten oder zu missbrauchen, die den geltenden Vorschriften f\u00fcr die Verarbeitung personenbezogener Daten zuwiderl\u00e4uft.<\/p><p><strong>4. gemeinsame Nutzung von Daten<\/strong><\/p><p><strong>4.1<\/strong> Wir k\u00f6nnen Ihre personenbezogenen Daten an Lieferanten, Unterauftragnehmer, unabh\u00e4ngige Gutachter, Versicherungen, Banken, Berater usw. weitergeben, wenn dies zur Erf\u00fcllung unseres Vertrags mit Ihnen erforderlich ist.<\/p><p><strong>4.2<\/strong> Dar\u00fcber hinaus k\u00f6nnen wir Ihre personenbezogenen Daten weitergeben, wenn wir staatlichen Beh\u00f6rden Informationen \u00fcber Sie zur Verf\u00fcgung stellen oder mitteilen m\u00fcssen.<\/p><p><strong>5. L\u00f6schung der personenbezogenen Daten<\/strong><\/p><p><strong>5.1<\/strong> Wir bewahren personenbezogene Daten nur so lange auf, wie es der Zweck erfordert oder wie es das schwedische Recht vorschreibt, z. B. das Rechnungslegungsgesetz, gesetzliche Verpflichtungen oder vertragliche Bestimmungen.<\/p><p><strong>5.2<\/strong> Sie k\u00f6nnen uns jederzeit auffordern, die \u00fcber Sie gespeicherten Daten zu l\u00f6schen.<\/p><p><strong>6. Ihre Rechte<\/strong><\/p><p><strong>6.1<\/strong> Sie haben jederzeit das Recht zu erfahren, welche personenbezogenen Daten wir \u00fcber Sie gespeichert haben. Wenn Sie diese Informationen erhalten m\u00f6chten, wenden Sie sich bitte per E-Mail oder Telefon an uns.<\/p><p><strong>6.2<\/strong> Sie haben auch das Recht, der Verarbeitung Ihrer personenbezogenen Daten zu widersprechen, ihre L\u00f6schung zu verlangen oder sie einzuschr\u00e4nken.<\/p><p><strong>6.3<\/strong> Sollten Sie Beschwerden \u00fcber die Verarbeitung Ihrer personenbezogenen Daten durch uns haben, wenden Sie sich bitte an die schwedische Datenschutzbeh\u00f6rde unter der Telefonnummer 08-657 61 00 oder per E-Mail: datainspektionen@datainspektionen.se<\/p><p><strong>7. verantwortlich f\u00fcr Daten<\/strong><\/p><p><strong>7.1<\/strong> Ihre pers\u00f6nlichen Daten werden von uns gesammelt und verarbeitet:<\/p><p>ERAB (Entreprenadreparationer i \u00d6rebro AB)<br \/>Gamla v\u00e4gen 3<br \/>702 27 \u00d6rebro<\/p><p>Org. Nr.: 556476-2424<br \/>Tel: 019-10 53 90<br \/>E-Mail: ERAB@erabsweden.se<\/p><p><strong>8. Verfahren f\u00fcr den Umgang mit Daten<\/strong><\/p><p><strong>8.1<\/strong> Zweimal im Jahr werden alle Mitarbeiter und Ger\u00e4te (Computer, Server, Telefone usw.), auf denen Informationen im Unternehmen gespeichert sind, \u00fcberpr\u00fcft, um sicherzustellen, dass alles mit unseren Richtlinien \u00fcbereinstimmt.<\/p><p><strong>9. Kamera\u00fcberwachung<\/strong><\/p><p><strong>9.1<\/strong> Unsere Immobilien werden zur Verbrechensverh\u00fctung mit Kameras an den Eing\u00e4ngen \u00fcberwacht. Dies geschieht au\u00dferhalb des Grundst\u00fccks und an den Eing\u00e4ngen. Die \u00dcberwachung findet nur auf unserem Grundst\u00fcck statt und ist deutlich mit Schildern und Kontaktangaben f\u00fcr uns gekennzeichnet. Es werden nur Videos aufgezeichnet und in \u00dcbereinstimmung mit der Datenschutzverordnung gespeichert.<\/p><p>Die Tonaufnahme ist nicht verf\u00fcgbar.<\/p>\t\t\t\t\t\t\t\t<\/div>\n\t\t\t\t<\/div>\n\t\t\t\t\t<\/div>\n\t\t<\/div>\n\t\t\t\t\t<\/div>\n\t\t<\/section>\n\t\t\t\t\t<\/div>\n\t\t<\/div>\n\t\t\t\t\t<\/div>\n\t\t<\/section>\n\t\t\t\t<\/div>","protected":false},"excerpt":{"rendered":"<p>1. Personliga uppgifter 1.1 Vi behandlar endast den personliga data som ni ger till oss f\u00f6r att ERAB skall kunna uppfylla v\u00e5rt avtal, eller de data vi f\u00e5r genom andra s\u00e5som byggherre, uppdragsgivare eller liknande. Den insamlade personliga datan best\u00e5r vanligtvis av f\u00f6ljande: Kontaktinformation i form av; f\u00f6rnamn, efternamn, adress, e-mail samt telefonnummer.Fotodokumentation f\u00f6r att [&hellip;]<\/p>\n","protected":false},"author":1,"featured_media":0,"parent":0,"menu_order":0,"comment_status":"closed","ping_status":"closed","template":"","meta":{"inline_featured_image":false,"footnotes":""},"class_list":["post-3","page","type-page","status-publish","hentry"],"_links":{"self":[{"href":"https:\/\/erabsweden.se\/de\/wp-json\/wp\/v2\/pages\/3","targetHints":{"allow":["GET"]}}],"collection":[{"href":"https:\/\/erabsweden.se\/de\/wp-json\/wp\/v2\/pages"}],"about":[{"href":"https:\/\/erabsweden.se\/de\/wp-json\/wp\/v2\/types\/page"}],"author":[{"embeddable":true,"href":"https:\/\/erabsweden.se\/de\/wp-json\/wp\/v2\/users\/1"}],"replies":[{"embeddable":true,"href":"https:\/\/erabsweden.se\/de\/wp-json\/wp\/v2\/comments?post=3"}],"version-history":[{"count":4,"href":"https:\/\/erabsweden.se\/de\/wp-json\/wp\/v2\/pages\/3\/revisions"}],"predecessor-version":[{"id":5192,"href":"https:\/\/erabsweden.se\/de\/wp-json\/wp\/v2\/pages\/3\/revisions\/5192"}],"wp:attachment":[{"href":"https:\/\/erabsweden.se\/de\/wp-json\/wp\/v2\/media?parent=3"}],"curies":[{"name":"wp","href":"https:\/\/api.w.org\/{rel}","templated":true}]}}