{"id":2145,"date":"2022-03-01T11:11:39","date_gmt":"2022-03-01T10:11:39","guid":{"rendered":"https:\/\/erabsweden.se\/?page_id=2145"},"modified":"2025-06-10T11:43:49","modified_gmt":"2025-06-10T09:43:49","slug":"mastinspektion-unterhall","status":"publish","type":"page","link":"https:\/\/erabsweden.se\/de\/mast-besiktning-underhall\/","title":{"rendered":"Mast"},"content":{"rendered":"\t\t<div data-elementor-type=\"wp-page\" data-elementor-id=\"2145\" class=\"elementor elementor-2145\" data-elementor-post-type=\"page\">\n\t\t\t\t\t\t<section class=\"elementor-section elementor-top-section elementor-element elementor-element-b5131f5 elementor-section-boxed elementor-section-height-default elementor-section-height-default\" data-id=\"b5131f5\" data-element_type=\"section\" data-e-type=\"section\" id=\"inner-page\">\n\t\t\t\t\t\t<div class=\"elementor-container elementor-column-gap-default\">\n\t\t\t\t\t<div class=\"elementor-column elementor-col-50 elementor-top-column elementor-element elementor-element-8b62d85\" data-id=\"8b62d85\" data-element_type=\"column\" data-e-type=\"column\">\n\t\t\t<div class=\"elementor-widget-wrap elementor-element-populated\">\n\t\t\t\t\t\t<div class=\"elementor-element elementor-element-fd3bdb8 elementor-widget elementor-widget-spacer\" data-id=\"fd3bdb8\" data-element_type=\"widget\" data-e-type=\"widget\" data-widget_type=\"spacer.default\">\n\t\t\t\t<div class=\"elementor-widget-container\">\n\t\t\t\t\t\t\t<div class=\"elementor-spacer\">\n\t\t\t<div class=\"elementor-spacer-inner\"><\/div>\n\t\t<\/div>\n\t\t\t\t\t\t<\/div>\n\t\t\t\t<\/div>\n\t\t\t\t<div class=\"elementor-element elementor-element-ebee961 elementor-widget elementor-widget-spacer\" data-id=\"ebee961\" data-element_type=\"widget\" data-e-type=\"widget\" data-widget_type=\"spacer.default\">\n\t\t\t\t<div class=\"elementor-widget-container\">\n\t\t\t\t\t\t\t<div class=\"elementor-spacer\">\n\t\t\t<div class=\"elementor-spacer-inner\"><\/div>\n\t\t<\/div>\n\t\t\t\t\t\t<\/div>\n\t\t\t\t<\/div>\n\t\t\t\t<div class=\"elementor-element elementor-element-be805c9 elementor-widget elementor-widget-text-editor\" data-id=\"be805c9\" data-element_type=\"widget\" data-e-type=\"widget\" data-widget_type=\"text-editor.default\">\n\t\t\t\t<div class=\"elementor-widget-container\">\n\t\t\t\t\t\t\t\t\t<p>Vi utf\u00f6r besiktning, underh\u00e5ll, monterings- och demonteringsarbeten. Vi tillverkar, s\u00e4ljer, monterar samt g\u00f6r konstruktions ber\u00e4kningar.<\/p><p>Ni som \u00e4ger en mast ansvarar f\u00f6r att det g\u00f6rs regelbundna kontroller och underh\u00e5ll p\u00e5 dessa, f\u00f6r att f\u00f6rebygga olycksfall.<\/p>\t\t\t\t\t\t\t\t<\/div>\n\t\t\t\t<\/div>\n\t\t\t\t<div class=\"elementor-element elementor-element-d9a30ee elementor-widget__width-initial elementor-widget elementor-widget-image\" data-id=\"d9a30ee\" data-element_type=\"widget\" data-e-type=\"widget\" data-widget_type=\"image.default\">\n\t\t\t\t<div class=\"elementor-widget-container\">\n\t\t\t\t\t\t\t\t\t\t\t\t\t\t\t<img fetchpriority=\"high\" decoding=\"async\" width=\"600\" height=\"400\" src=\"https:\/\/erabsweden.se\/wp-content\/uploads\/2022\/03\/mast_1.JPG.jpg\" class=\"attachment-full size-full wp-image-3306\" alt=\"\" srcset=\"https:\/\/erabsweden.se\/wp-content\/uploads\/2022\/03\/mast_1.JPG.jpg 600w, https:\/\/erabsweden.se\/wp-content\/uploads\/2022\/03\/mast_1.JPG-300x200.jpg 300w\" sizes=\"(max-width: 600px) 100vw, 600px\" \/>\t\t\t\t\t\t\t\t\t\t\t\t\t\t\t<\/div>\n\t\t\t\t<\/div>\n\t\t\t\t<div class=\"elementor-element elementor-element-3869584 elementor-widget__width-initial elementor-widget elementor-widget-image\" data-id=\"3869584\" data-element_type=\"widget\" data-e-type=\"widget\" data-widget_type=\"image.default\">\n\t\t\t\t<div class=\"elementor-widget-container\">\n\t\t\t\t\t\t\t\t\t\t\t\t\t\t\t<img decoding=\"async\" width=\"600\" height=\"400\" src=\"https:\/\/erabsweden.se\/wp-content\/uploads\/2022\/03\/mast_2.jpg\" class=\"attachment-full size-full wp-image-3307\" alt=\"\" srcset=\"https:\/\/erabsweden.se\/wp-content\/uploads\/2022\/03\/mast_2.jpg 600w, https:\/\/erabsweden.se\/wp-content\/uploads\/2022\/03\/mast_2-300x200.jpg 300w\" sizes=\"(max-width: 600px) 100vw, 600px\" \/>\t\t\t\t\t\t\t\t\t\t\t\t\t\t\t<\/div>\n\t\t\t\t<\/div>\n\t\t\t\t<div class=\"elementor-element elementor-element-05ced28 elementor-widget elementor-widget-spacer\" data-id=\"05ced28\" data-element_type=\"widget\" data-e-type=\"widget\" data-widget_type=\"spacer.default\">\n\t\t\t\t<div class=\"elementor-widget-container\">\n\t\t\t\t\t\t\t<div class=\"elementor-spacer\">\n\t\t\t<div class=\"elementor-spacer-inner\"><\/div>\n\t\t<\/div>\n\t\t\t\t\t\t<\/div>\n\t\t\t\t<\/div>\n\t\t\t\t<div class=\"elementor-element elementor-element-d541120 elementor-widget elementor-widget-text-editor\" data-id=\"d541120\" data-element_type=\"widget\" data-e-type=\"widget\" data-widget_type=\"text-editor.default\">\n\t\t\t\t<div class=\"elementor-widget-container\">\n\t\t\t\t\t\t\t\t\t<p><strong>Mast- och stolparbete (AFS 2000:6), f\u00f6reskrifter ska f\u00f6ljas. D\u00e4r st\u00e5r bland annat:<\/strong><\/p><p>\u201d3 \u00a7 Den som r\u00e5der \u00f6ver ett arbetsst\u00e4lle med en eller flera master eller stolpar skall underh\u00e5lla dessa v\u00e4l samt f\u00f6rebygga olycksfall genom \u00e5terkommande kontroll av anl\u00e4ggningen. Kontrollen skall avse slitage, korrosion, erosion, \u00e5ldring och utmattning avseende konstruktionsmaterial, fundament, stagning och liknande. Tidsintervallet mellan kontrollerna skall best\u00e4mmas med h\u00e4nsyn till geografiskt l\u00e4ge, klimatiska f\u00f6rh\u00e5llanden, grundf\u00f6rh\u00e5llanden och konstruktionsmaterialets beskaffenhet samt dokumenteras i en plan. I den h\u00e4ndelse kontrollen mynnar ut i ett f\u00f6rbud mot tilltr\u00e4de till masten eller stolpen i avvaktan p\u00e5 \u00e5tg\u00e4rder, skall detta s\u00e4rskilt utm\u00e4rkas. Stolpar av tr\u00e4 skall dessutom r\u00f6tskadekontrolleras och m\u00e4rkas enligt 30\u2013 37 \u00a7\u00a7. 4 \u00a7 En mast skall normalt ha fast tilltr\u00e4desanordning eller vara f\u00f6rberedd f\u00f6r anslutning till mobil tilltr\u00e4desanordning. Tilltr\u00e4desanordningen skall ge s\u00e4kert tilltr\u00e4de till masten. 5 \u00a7 N\u00e4r det beh\u00f6vs av s\u00e4rskilda sk\u00e4l skall en mast med omgivande riskomr\u00e5de utm\u00e4rkas med varselm\u00e4rken som varnar den, som avser att betr\u00e4da riskomr\u00e5det, f\u00f6r d\u00e4r f\u00f6rekommande risker eller faror, samt upplyser om eventuellt g\u00e4llande f\u00f6rbud mot tilltr\u00e4de eller p\u00e5bud om skyddsutrustning. Om behovet \u00e4r tillf\u00e4lligt kan dock utm\u00e4rkningen ers\u00e4ttas med utposterad vakt.\u201d<\/p><p>L\u00e4s mer h\u00e4r <a href=\"https:\/\/www.av.se\/arbetsmiljoarbete-och-inspektioner\/publikationer\/foreskrifter\/mast--och-stolparbete-afs-20006-foreskrifter\/\" target=\"_blank\" rel=\"noopener\">p\u00e5 Arbetsmilj\u00f6verket<\/a><\/p>\t\t\t\t\t\t\t\t<\/div>\n\t\t\t\t<\/div>\n\t\t\t\t<section class=\"elementor-section elementor-inner-section elementor-element elementor-element-cdf0ca5 elementor-section-boxed elementor-section-height-default elementor-section-height-default\" data-id=\"cdf0ca5\" data-element_type=\"section\" data-e-type=\"section\">\n\t\t\t\t\t\t<div class=\"elementor-container elementor-column-gap-default\">\n\t\t\t\t\t<div class=\"elementor-column elementor-col-50 elementor-inner-column elementor-element elementor-element-27f90d2\" data-id=\"27f90d2\" data-element_type=\"column\" data-e-type=\"column\">\n\t\t\t<div class=\"elementor-widget-wrap elementor-element-populated\">\n\t\t\t\t\t\t<div class=\"elementor-element elementor-element-5afac56 elementor-widget-mobile__width-inherit elementor-widget elementor-widget-image\" data-id=\"5afac56\" data-element_type=\"widget\" data-e-type=\"widget\" data-widget_type=\"image.default\">\n\t\t\t\t<div class=\"elementor-widget-container\">\n\t\t\t\t\t\t\t\t\t\t\t\t\t\t\t<img decoding=\"async\" width=\"265\" height=\"310\" src=\"https:\/\/erabsweden.se\/wp-content\/uploads\/2022\/02\/personal_3546.jpg\" class=\"attachment-full size-full wp-image-1970\" alt=\"\" srcset=\"https:\/\/erabsweden.se\/wp-content\/uploads\/2022\/02\/personal_3546.jpg 265w, https:\/\/erabsweden.se\/wp-content\/uploads\/2022\/02\/personal_3546-256x300.jpg 256w\" sizes=\"(max-width: 265px) 100vw, 265px\" \/>\t\t\t\t\t\t\t\t\t\t\t\t\t\t\t<\/div>\n\t\t\t\t<\/div>\n\t\t\t\t\t<\/div>\n\t\t<\/div>\n\t\t\t\t<div class=\"elementor-column elementor-col-50 elementor-inner-column elementor-element elementor-element-4b922e6\" data-id=\"4b922e6\" data-element_type=\"column\" data-e-type=\"column\">\n\t\t\t<div class=\"elementor-widget-wrap elementor-element-populated\">\n\t\t\t\t\t\t<div class=\"elementor-element elementor-element-bbd4a35 elementor-widget elementor-widget-text-editor\" data-id=\"bbd4a35\" data-element_type=\"widget\" data-e-type=\"widget\" data-widget_type=\"text-editor.default\">\n\t\t\t\t<div class=\"elementor-widget-container\">\n\t\t\t\t\t\t\t\t\t<p><strong>L\u00e5t oss hj\u00e4lpa dig!<\/strong><br \/><a href=\"mailto:daniel.bosater@erabsweden.se\">daniel.bosater@erabsweden.se<\/a><br \/>070-810 53 98<\/p>\t\t\t\t\t\t\t\t<\/div>\n\t\t\t\t<\/div>\n\t\t\t\t\t<\/div>\n\t\t<\/div>\n\t\t\t\t\t<\/div>\n\t\t<\/section>\n\t\t\t\t\t<\/div>\n\t\t<\/div>\n\t\t\t\t<div class=\"elementor-column elementor-col-50 elementor-top-column elementor-element elementor-element-c751346 elementor-hidden-tablet elementor-hidden-mobile\" data-id=\"c751346\" data-element_type=\"column\" data-e-type=\"column\">\n\t\t\t<div class=\"elementor-widget-wrap elementor-element-populated\">\n\t\t\t\t\t\t<section class=\"elementor-section elementor-inner-section elementor-element elementor-element-46d81c7 elementor-section-boxed elementor-section-height-default elementor-section-height-default\" data-id=\"46d81c7\" data-element_type=\"section\" data-e-type=\"section\" data-settings=\"{&quot;sticky&quot;:&quot;top&quot;,&quot;sticky_on&quot;:[&quot;desktop&quot;,&quot;tablet&quot;],&quot;sticky_offset&quot;:110,&quot;sticky_parent&quot;:&quot;yes&quot;,&quot;sticky_effects_offset&quot;:1,&quot;sticky_anchor_link_offset&quot;:0}\">\n\t\t\t\t\t\t<div class=\"elementor-container elementor-column-gap-default\">\n\t\t\t\t\t<div class=\"elementor-column elementor-col-100 elementor-inner-column elementor-element elementor-element-e0536cc\" data-id=\"e0536cc\" data-element_type=\"column\" data-e-type=\"column\" data-settings=\"{&quot;background_background&quot;:&quot;classic&quot;}\">\n\t\t\t<div class=\"elementor-widget-wrap elementor-element-populated\">\n\t\t\t\t\t\t<div class=\"elementor-element elementor-element-46d9cdc elementor-widget elementor-widget-image\" data-id=\"46d9cdc\" data-element_type=\"widget\" data-e-type=\"widget\" data-widget_type=\"image.default\">\n\t\t\t\t<div class=\"elementor-widget-container\">\n\t\t\t\t\t\t\t\t\t\t\t\t\t\t\t<img loading=\"lazy\" decoding=\"async\" width=\"150\" height=\"150\" src=\"https:\/\/erabsweden.se\/wp-content\/uploads\/2022\/03\/direction.png\" class=\"attachment-full size-full wp-image-2438\" alt=\"\" \/>\t\t\t\t\t\t\t\t\t\t\t\t\t\t\t<\/div>\n\t\t\t\t<\/div>\n\t\t\t\t<div class=\"elementor-element elementor-element-a9b8f41 elementor-widget elementor-widget-text-editor\" data-id=\"a9b8f41\" data-element_type=\"widget\" data-e-type=\"widget\" data-widget_type=\"text-editor.default\">\n\t\t\t\t<div class=\"elementor-widget-container\">\n\t\t\t\t\t\t\t\t\t<p>Hitta r\u00e4tt l\u00f6sning f\u00f6r era behov.<\/p>\t\t\t\t\t\t\t\t<\/div>\n\t\t\t\t<\/div>\n\t\t\t\t<div class=\"elementor-element elementor-element-2c50298 elementor-widget elementor-widget-button\" data-id=\"2c50298\" data-element_type=\"widget\" data-e-type=\"widget\" id=\"float-btn-side\" data-widget_type=\"button.default\">\n\t\t\t\t<div class=\"elementor-widget-container\">\n\t\t\t\t\t\t\t\t\t<div class=\"elementor-button-wrapper\">\n\t\t\t\t\t<a class=\"elementor-button elementor-button-link elementor-size-sm\" href=\"https:\/\/erabsweden.se\/kontakta-oss\/\">\n\t\t\t\t\t\t<span class=\"elementor-button-content-wrapper\">\n\t\t\t\t\t\t\t\t\t<span class=\"elementor-button-text\">Kontakta oss!<\/span>\n\t\t\t\t\t<\/span>\n\t\t\t\t\t<\/a>\n\t\t\t\t<\/div>\n\t\t\t\t\t\t\t\t<\/div>\n\t\t\t\t<\/div>\n\t\t\t\t\t<\/div>\n\t\t<\/div>\n\t\t\t\t\t<\/div>\n\t\t<\/section>\n\t\t\t\t\t<\/div>\n\t\t<\/div>\n\t\t\t\t\t<\/div>\n\t\t<\/section>\n\t\t\t\t<section class=\"elementor-section elementor-top-section elementor-element elementor-element-13ef720 elementor-section-height-min-height elementor-section-boxed elementor-section-height-default elementor-section-items-middle\" data-id=\"13ef720\" data-element_type=\"section\" data-e-type=\"section\" data-settings=\"{&quot;background_background&quot;:&quot;classic&quot;}\">\n\t\t\t\t\t\t<div class=\"elementor-container elementor-column-gap-default\">\n\t\t\t\t\t<div class=\"elementor-column elementor-col-100 elementor-top-column elementor-element elementor-element-5c7e072\" data-id=\"5c7e072\" data-element_type=\"column\" data-e-type=\"column\">\n\t\t\t<div class=\"elementor-widget-wrap elementor-element-populated\">\n\t\t\t\t\t\t<div class=\"elementor-element elementor-element-cc48970 elementor-widget elementor-widget-heading\" data-id=\"cc48970\" data-element_type=\"widget\" data-e-type=\"widget\" data-widget_type=\"heading.default\">\n\t\t\t\t<div class=\"elementor-widget-container\">\n\t\t\t\t\t<h2 class=\"elementor-heading-title elementor-size-default\">Vad kan vi hj\u00e4lpa dig med?<\/h2>\t\t\t\t<\/div>\n\t\t\t\t<\/div>\n\t\t\t\t<div class=\"elementor-element elementor-element-3a619ee elementor-tablet-button-align-end elementor-button-align-end elementor-widget elementor-widget-form\" data-id=\"3a619ee\" data-element_type=\"widget\" data-e-type=\"widget\" data-settings=\"{&quot;step_next_label&quot;:&quot;Next&quot;,&quot;step_previous_label&quot;:&quot;Previous&quot;,&quot;button_width_tablet&quot;:&quot;100&quot;,&quot;step_type&quot;:&quot;number_text&quot;,&quot;step_icon_shape&quot;:&quot;circle&quot;}\" data-widget_type=\"form.default\">\n\t\t\t\t<div class=\"elementor-widget-container\">\n\t\t\t\t\t\t\t<form class=\"elementor-form\" method=\"post\" name=\"CTA Kontakta oss\" aria-label=\"CTA Kontakta oss\">\n\t\t\t<input type=\"hidden\" name=\"post_id\" value=\"2145\"\/>\n\t\t\t<input type=\"hidden\" name=\"form_id\" value=\"3a619ee\"\/>\n\t\t\t<input type=\"hidden\" name=\"referer_title\" value=\"Mast-besiktning-underh\u00e5ll-Erab\" \/>\n\n\t\t\t\t\t\t\t<input type=\"hidden\" name=\"queried_id\" value=\"2145\"\/>\n\t\t\t\n\t\t\t<div class=\"elementor-form-fields-wrapper elementor-labels-\">\n\t\t\t\t\t\t\t\t<div class=\"elementor-field-type-text elementor-field-group elementor-column elementor-field-group-name elementor-col-50 elementor-md-100 elementor-field-required\">\n\t\t\t\t\t\t\t\t\t\t\t\t<label for=\"form-field-name\" class=\"elementor-field-label elementor-screen-only\">\n\t\t\t\t\t\t\t\tNamn\t\t\t\t\t\t\t<\/label>\n\t\t\t\t\t\t\t\t\t\t\t\t\t\t<input size=\"1\" type=\"text\" name=\"form_fields[name]\" id=\"form-field-name\" class=\"elementor-field elementor-size-lg  elementor-field-textual\" placeholder=\"Namn\" required=\"required\">\n\t\t\t\t\t\t\t\t\t\t\t<\/div>\n\t\t\t\t\t\t\t\t<div class=\"elementor-field-type-text elementor-field-group elementor-column elementor-field-group-field_da7a06e elementor-col-50 elementor-md-100 elementor-field-required\">\n\t\t\t\t\t\t\t\t\t\t\t\t<label for=\"form-field-field_da7a06e\" class=\"elementor-field-label elementor-screen-only\">\n\t\t\t\t\t\t\t\tF\u00f6retag\t\t\t\t\t\t\t<\/label>\n\t\t\t\t\t\t\t\t\t\t\t\t\t\t<input size=\"1\" type=\"text\" name=\"form_fields[field_da7a06e]\" id=\"form-field-field_da7a06e\" class=\"elementor-field elementor-size-lg  elementor-field-textual\" placeholder=\"F\u00f6retag\" required=\"required\">\n\t\t\t\t\t\t\t\t\t\t\t<\/div>\n\t\t\t\t\t\t\t\t<div class=\"elementor-field-type-email elementor-field-group elementor-column elementor-field-group-email elementor-col-50 elementor-md-50 elementor-field-required\">\n\t\t\t\t\t\t\t\t\t\t\t\t<label for=\"form-field-email\" class=\"elementor-field-label elementor-screen-only\">\n\t\t\t\t\t\t\t\tE-postadress\t\t\t\t\t\t\t<\/label>\n\t\t\t\t\t\t\t\t\t\t\t\t\t\t<input size=\"1\" type=\"email\" name=\"form_fields[email]\" id=\"form-field-email\" class=\"elementor-field elementor-size-lg  elementor-field-textual\" placeholder=\"E-postadress\" required=\"required\">\n\t\t\t\t\t\t\t\t\t\t\t<\/div>\n\t\t\t\t\t\t\t\t<div class=\"elementor-field-type-tel elementor-field-group elementor-column elementor-field-group-field_1 elementor-col-50 elementor-md-50 elementor-field-required\">\n\t\t\t\t\t\t\t\t\t\t\t\t<label for=\"form-field-field_1\" class=\"elementor-field-label elementor-screen-only\">\n\t\t\t\t\t\t\t\tTelefon\t\t\t\t\t\t\t<\/label>\n\t\t\t\t\t\t\t\t<input size=\"1\" type=\"tel\" name=\"form_fields[field_1]\" id=\"form-field-field_1\" class=\"elementor-field elementor-size-lg  elementor-field-textual\" placeholder=\"Telefon\" required=\"required\" pattern=\"[0-9()#&amp;+*-=.]+\" title=\"Kun tal og telefontegn (#, -, * osv.) accepteres.\">\n\n\t\t\t\t\t\t<\/div>\n\t\t\t\t\t\t\t\t<div class=\"elementor-field-type-radio elementor-field-group elementor-column elementor-field-group-field_c670e84 elementor-col-100 elementor-field-required\">\n\t\t\t\t\t\t\t\t\t\t\t\t<label for=\"form-field-field_c670e84\" class=\"elementor-field-label elementor-screen-only\">\n\t\t\t\t\t\t\t\tHur kan vi hj\u00e4lpa dig?\t\t\t\t\t\t\t<\/label>\n\t\t\t\t\t\t<div class=\"elementor-field-subgroup  elementor-subgroup-inline\"><span class=\"elementor-field-option\"><input type=\"radio\" value=\"Generell fr\u00e5ga\" id=\"form-field-field_c670e84-0\" name=\"form_fields[field_c670e84]\" required=\"required\"> <label for=\"form-field-field_c670e84-0\">Generell fr\u00e5ga<\/label><\/span><span class=\"elementor-field-option\"><input type=\"radio\" value=\"Offert\" id=\"form-field-field_c670e84-1\" name=\"form_fields[field_c670e84]\" required=\"required\"> <label for=\"form-field-field_c670e84-1\">Offert<\/label><\/span><span class=\"elementor-field-option\"><input type=\"radio\" value=\"Kontakta mig\" id=\"form-field-field_c670e84-2\" name=\"form_fields[field_c670e84]\" required=\"required\"> <label for=\"form-field-field_c670e84-2\">Kontakta mig<\/label><\/span><\/div>\t\t\t\t<\/div>\n\t\t\t\t\t\t\t\t<div class=\"elementor-field-type-textarea elementor-field-group elementor-column elementor-field-group-field_fd70300 elementor-col-100\">\n\t\t\t\t\t\t\t\t\t\t\t\t<label for=\"form-field-field_fd70300\" class=\"elementor-field-label elementor-screen-only\">\n\t\t\t\t\t\t\t\tDitt meddelande\t\t\t\t\t\t\t<\/label>\n\t\t\t\t\t\t<textarea class=\"elementor-field-textual elementor-field  elementor-size-lg\" name=\"form_fields[field_fd70300]\" id=\"form-field-field_fd70300\" rows=\"4\" placeholder=\"Ditt meddelande\"><\/textarea>\t\t\t\t<\/div>\n\t\t\t\t\t\t\t\t<div class=\"elementor-field-type-recaptcha_v3 elementor-field-group elementor-column elementor-field-group-field_4b0d0db elementor-col-100 recaptcha_v3-bottomright\">\n\t\t\t\t\t<div class=\"elementor-field\" id=\"form-field-field_4b0d0db\"><div class=\"elementor-g-recaptcha\" data-sitekey=\"6LcartkeAAAAAAdLSjlOnN8p-HkPGuXtL_KNxN2-\" data-type=\"v3\" data-action=\"Form\" data-badge=\"bottomright\" data-size=\"invisible\"><\/div><\/div>\t\t\t\t<\/div>\n\t\t\t\t\t\t\t\t<div class=\"elementor-field-group elementor-column elementor-field-type-submit elementor-col-100 e-form__buttons elementor-md-100\">\n\t\t\t\t\t<button class=\"elementor-button elementor-size-lg\" type=\"submit\">\n\t\t\t\t\t\t<span class=\"elementor-button-content-wrapper\">\n\t\t\t\t\t\t\t\t\t\t\t\t\t\t\t\t\t\t\t\t\t\t<span class=\"elementor-button-text\">Skicka<\/span>\n\t\t\t\t\t\t\t\t\t\t\t\t\t<\/span>\n\t\t\t\t\t<\/button>\n\t\t\t\t<\/div>\n\t\t\t<\/div>\n\t\t<\/form>\n\t\t\t\t\t\t<\/div>\n\t\t\t\t<\/div>\n\t\t\t\t\t<\/div>\n\t\t<\/div>\n\t\t\t\t\t<\/div>\n\t\t<\/section>\n\t\t\t\t<\/div>\n\t\t","protected":false},"excerpt":{"rendered":"<p>Vi utf\u00f6r besiktning, underh\u00e5ll, monterings- och demonteringsarbeten. Vi tillverkar, s\u00e4ljer, monterar samt g\u00f6r konstruktions ber\u00e4kningar. Ni som \u00e4ger en mast ansvarar f\u00f6r att det g\u00f6rs regelbundna kontroller och underh\u00e5ll p\u00e5 dessa, f\u00f6r att f\u00f6rebygga olycksfall. Mast- och stolparbete (AFS 2000:6), f\u00f6reskrifter ska f\u00f6ljas. D\u00e4r st\u00e5r bland annat: \u201d3 \u00a7 Den som r\u00e5der \u00f6ver ett arbetsst\u00e4lle [&hellip;]<\/p>\n","protected":false},"author":1,"featured_media":0,"parent":0,"menu_order":0,"comment_status":"closed","ping_status":"closed","template":"","meta":{"inline_featured_image":false,"footnotes":""},"class_list":["post-2145","page","type-page","status-publish","hentry"],"_links":{"self":[{"href":"https:\/\/erabsweden.se\/de\/wp-json\/wp\/v2\/pages\/2145","targetHints":{"allow":["GET"]}}],"collection":[{"href":"https:\/\/erabsweden.se\/de\/wp-json\/wp\/v2\/pages"}],"about":[{"href":"https:\/\/erabsweden.se\/de\/wp-json\/wp\/v2\/types\/page"}],"author":[{"embeddable":true,"href":"https:\/\/erabsweden.se\/de\/wp-json\/wp\/v2\/users\/1"}],"replies":[{"embeddable":true,"href":"https:\/\/erabsweden.se\/de\/wp-json\/wp\/v2\/comments?post=2145"}],"version-history":[{"count":19,"href":"https:\/\/erabsweden.se\/de\/wp-json\/wp\/v2\/pages\/2145\/revisions"}],"predecessor-version":[{"id":5678,"href":"https:\/\/erabsweden.se\/de\/wp-json\/wp\/v2\/pages\/2145\/revisions\/5678"}],"wp:attachment":[{"href":"https:\/\/erabsweden.se\/de\/wp-json\/wp\/v2\/media?parent=2145"}],"curies":[{"name":"wp","href":"https:\/\/api.w.org\/{rel}","templated":true}]}}