{"id":3,"date":"2021-11-23T07:30:26","date_gmt":"2021-11-23T06:30:26","guid":{"rendered":"https:\/\/erabsweden.se\/?page_id=3"},"modified":"2024-07-05T10:32:46","modified_gmt":"2024-07-05T08:32:46","slug":"privatlivspolitik-erab","status":"publish","type":"page","link":"https:\/\/erabsweden.se\/da\/integritetspolicy-erab\/","title":{"rendered":"Fortrolighedspolitik"},"content":{"rendered":"<div data-elementor-type=\"wp-page\" data-elementor-id=\"3\" class=\"elementor elementor-3\" data-elementor-post-type=\"page\">\n\t\t\t\t\t\t<section class=\"elementor-section elementor-top-section elementor-element elementor-element-0639681 elementor-section-boxed elementor-section-height-default elementor-section-height-default\" data-id=\"0639681\" data-element_type=\"section\" data-e-type=\"section\">\n\t\t\t\t\t\t<div class=\"elementor-container elementor-column-gap-default\">\n\t\t\t\t\t<div class=\"elementor-column elementor-col-100 elementor-top-column elementor-element elementor-element-11f26e4\" data-id=\"11f26e4\" data-element_type=\"column\" data-e-type=\"column\">\n\t\t\t<div class=\"elementor-widget-wrap elementor-element-populated\">\n\t\t\t\t\t\t<div class=\"elementor-element elementor-element-a925857 elementor-widget elementor-widget-spacer\" data-id=\"a925857\" data-element_type=\"widget\" data-e-type=\"widget\" data-widget_type=\"spacer.default\">\n\t\t\t\t<div class=\"elementor-widget-container\">\n\t\t\t\t\t\t\t<div class=\"elementor-spacer\">\n\t\t\t<div class=\"elementor-spacer-inner\"><\/div>\n\t\t<\/div>\n\t\t\t\t\t\t<\/div>\n\t\t\t\t<\/div>\n\t\t\t\t<div class=\"elementor-element elementor-element-32a0ba5 elementor-widget elementor-widget-spacer\" data-id=\"32a0ba5\" data-element_type=\"widget\" data-e-type=\"widget\" data-widget_type=\"spacer.default\">\n\t\t\t\t<div class=\"elementor-widget-container\">\n\t\t\t\t\t\t\t<div class=\"elementor-spacer\">\n\t\t\t<div class=\"elementor-spacer-inner\"><\/div>\n\t\t<\/div>\n\t\t\t\t\t\t<\/div>\n\t\t\t\t<\/div>\n\t\t\t\t<section class=\"elementor-section elementor-inner-section elementor-element elementor-element-2548714 elementor-section-boxed elementor-section-height-default elementor-section-height-default\" data-id=\"2548714\" data-element_type=\"section\" data-e-type=\"section\">\n\t\t\t\t\t\t<div class=\"elementor-container elementor-column-gap-default\">\n\t\t\t\t\t<div class=\"elementor-column elementor-col-100 elementor-inner-column elementor-element elementor-element-26470e6\" data-id=\"26470e6\" data-element_type=\"column\" data-e-type=\"column\">\n\t\t\t<div class=\"elementor-widget-wrap elementor-element-populated\">\n\t\t\t\t\t\t<div class=\"elementor-element elementor-element-6e488f8 elementor-widget elementor-widget-text-editor\" data-id=\"6e488f8\" data-element_type=\"widget\" data-e-type=\"widget\" data-widget_type=\"text-editor.default\">\n\t\t\t\t<div class=\"elementor-widget-container\">\n\t\t\t\t\t\t\t\t\t<p><strong>1. Personlige data<\/strong><\/p><p><strong>1.1<\/strong> Vi behandler kun de personoplysninger, som du giver os, for at ERAB kan opfylde vores kontrakt, eller de oplysninger, som vi modtager fra andre, f.eks. udviklere, kunder eller lignende. De indsamlede personoplysninger best\u00e5r normalt af f\u00f8lgende:<\/p><p>Kontaktoplysninger i form af fornavn, efternavn, adresse, e-mail og telefonnummer.<br \/>Fotodokumentation for at dokumentere skader, arbejde, inspektioner osv.<\/p><p>Nogle gange ogs\u00e5 personnumre for at kunne registrere medarbejdere p\u00e5 kurser, certifikater, adgangsans\u00f8gninger, indrejsetilladelser, opfylde lovkrav, rapportere til myndigheder osv.<\/p><p><strong>1.2<\/strong> Vi kan modtage oplysninger om dig fra andre parter, som du har bedt om hj\u00e6lp. Det kan f.eks. v\u00e6re entrepren\u00f8rer, lokale h\u00e5ndv\u00e6rkere, samarbejdspartnere eller lignende.<\/p><p><strong>1.3<\/strong> Indsamling af personoplysninger. Alle data indsamles af os i ERAB p\u00e5 jeres hjemmesider, via jeres virksomheds telefoncentral, via jeres medarbejdere, dvs. direkte indsamling uden inddragelse af tredjeparter, medmindre en underleverand\u00f8r har bedt os om hj\u00e6lp, og vi har modtaget personoplysninger, der er delt med os.<\/p><p><strong>2. Brug af personlige data<\/strong><\/p><p><strong>2.1<\/strong> Form\u00e5let med denne dataindsamling er at opfylde og opretholde kontrakter, som vi har indg\u00e5et med dig om arbejde i forbindelse med skorstensarbejde og tilh\u00f8rende detaljer, inspektioner heraf eller tilbudsforesp\u00f8rgsler samt garanti- eller servicesager.<\/p><p><strong>2.2<\/strong> Vi behandler kun de persondata, der er n\u00f8dvendige og relevante for at opfylde vores form\u00e5l med persondataene.<\/p><p><strong>3. Opbevaring af dine personlige data<\/strong><\/p><p><strong>3.1<\/strong> Dine personlige data gemmes internt p\u00e5 vores server, computere og telefoner. Login til serveren, computeren og telefonerne er beskyttet med adgangskode for at begr\u00e6nse uautoriseret adgang. Serveren og IT-driften leveres af Teknik Kontor Servrar i \u00d6rebro AB Data (556501-1938). Vi arbejder med Microsofts Office 365-tjenester, der opfylder kravene i GDPR.<\/p><p><strong>3.2<\/strong> Alle data opbevares i EU og er derfor beskyttet af den generelle forordning om databeskyttelse.<\/p><p><strong>3.3<\/strong> Sammen med vores IT-drift s\u00f8rger vi l\u00f8bende for, at alle sikkerhedsm\u00e6ssige og organisatoriske forholdsregler er taget for at sikre, at dine personoplysninger ikke bliver tilintetgjort eller ulovligt g\u00e5r tabt. Derudover sikrer vi, at uvedkommende ikke har adgang til at behandle eller misbruge oplysningerne p\u00e5 en m\u00e5de, der er i strid med de g\u00e6ldende regler for behandling af personoplysninger.<\/p><p><strong>4. Deling af data<\/strong><\/p><p><strong>4.1<\/strong> Vi kan dele dine personlige data med leverand\u00f8rer, underleverand\u00f8rer, uafh\u00e6ngige landm\u00e5lere, forsikringsselskaber, banker, r\u00e5dgivere osv. hvis det er n\u00f8dvendigt for at opfylde vores kontrakt med dig.<\/p><p><strong>4.2<\/strong> Derudover kan vi dele dine personlige data, hvis vi er n\u00f8dt til at give eller dele oplysninger om dig med offentlige myndigheder.<\/p><p><strong>5. sletning af personoplysninger<\/strong><\/p><p><strong>5.1<\/strong> Vi opbevarer kun personoplysninger, s\u00e5 l\u00e6nge det opfylder form\u00e5let eller er p\u00e5kr\u00e6vet i henhold til anden p\u00e5kr\u00e6vet svensk lovgivning s\u00e5som, men ikke n\u00f8dvendigvis begr\u00e6nset til; regnskabsloven, juridisk forpligtelse eller kontraktvilk\u00e5r.<\/p><p><strong>5.2<\/strong> Du kan til enhver tid bede os om at slette de oplysninger, der er gemt om dig.<\/p><p><strong>6. Dine rettigheder<\/strong><\/p><p><strong>6.1<\/strong> Du har altid ret til at vide, hvilke personlige data vi har gemt om dig. Hvis du \u00f8nsker at modtage disse oplysninger, bedes du kontakte os via e-mail eller telefon.<\/p><p><strong>6.2<\/strong> Du har ogs\u00e5 ret til at g\u00f8re indsigelse, bede om at blive slettet eller begr\u00e6nse behandlingen af dine personoplysninger.<\/p><p><strong>6.3<\/strong> Hvis du har klager over vores behandling af dine personoplysninger, bedes du kontakte Datatilsynet p\u00e5 telefon: 08-657 61 00 eller via e-mail: datainspektionen@datainspektionen.se.<\/p><p><strong>7. Ansvarlig for data<\/strong><\/p><p><strong>7.1<\/strong> Dine personlige data indsamles og behandles af:<\/p><p>ERAB (Entreprenadreparationer i \u00d6rebro AB)<br \/>Gamla v\u00e4gen 3<br \/>702 27 \u00d6rebro<\/p><p>Org. Nr: 556476-2424<br \/>Tlf: 019-10 53 90<br \/>E-mail: ERAB@erabsweden.se<\/p><p><strong>8. Procedurer for h\u00e5ndtering af data<\/strong><\/p><p><strong>8.1<\/strong> To gange om \u00e5ret gennemg\u00e5s alle medarbejdere og enheder (computere, servere, telefoner osv.), der opbevarer oplysninger i virksomheden, for at sikre, at alt er i overensstemmelse med vores retningslinjer.<\/p><p><strong>9. Kameraoverv\u00e5gning<\/strong><\/p><p><strong>9.1<\/strong> Vores ejendomme overv\u00e5ges med kameraer ved indgangene for at forebygge kriminalitet. Dette sker uden for ejendommen og ved indgangene. Overv\u00e5gningen finder kun sted p\u00e5 vores grund og er tydeligt markeret med skilte og kontaktoplysninger til os. Kun video optages og gemmes i overensstemmelse med databeskyttelsesforordningen.<\/p><p>Lydoptagelsen er ikke tilg\u00e6ngelig.<\/p>\t\t\t\t\t\t\t\t<\/div>\n\t\t\t\t<\/div>\n\t\t\t\t\t<\/div>\n\t\t<\/div>\n\t\t\t\t\t<\/div>\n\t\t<\/section>\n\t\t\t\t\t<\/div>\n\t\t<\/div>\n\t\t\t\t\t<\/div>\n\t\t<\/section>\n\t\t\t\t<\/div>","protected":false},"excerpt":{"rendered":"<p>1. Personliga uppgifter 1.1 Vi behandlar endast den personliga data som ni ger till oss f\u00f6r att ERAB skall kunna uppfylla v\u00e5rt avtal, eller de data vi f\u00e5r genom andra s\u00e5som byggherre, uppdragsgivare eller liknande. Den insamlade personliga datan best\u00e5r vanligtvis av f\u00f6ljande: Kontaktinformation i form av; f\u00f6rnamn, efternamn, adress, e-mail samt telefonnummer.Fotodokumentation f\u00f6r att [&hellip;]<\/p>\n","protected":false},"author":1,"featured_media":0,"parent":0,"menu_order":0,"comment_status":"closed","ping_status":"closed","template":"","meta":{"inline_featured_image":false,"footnotes":""},"class_list":["post-3","page","type-page","status-publish","hentry"],"_links":{"self":[{"href":"https:\/\/erabsweden.se\/da\/wp-json\/wp\/v2\/pages\/3","targetHints":{"allow":["GET"]}}],"collection":[{"href":"https:\/\/erabsweden.se\/da\/wp-json\/wp\/v2\/pages"}],"about":[{"href":"https:\/\/erabsweden.se\/da\/wp-json\/wp\/v2\/types\/page"}],"author":[{"embeddable":true,"href":"https:\/\/erabsweden.se\/da\/wp-json\/wp\/v2\/users\/1"}],"replies":[{"embeddable":true,"href":"https:\/\/erabsweden.se\/da\/wp-json\/wp\/v2\/comments?post=3"}],"version-history":[{"count":4,"href":"https:\/\/erabsweden.se\/da\/wp-json\/wp\/v2\/pages\/3\/revisions"}],"predecessor-version":[{"id":5192,"href":"https:\/\/erabsweden.se\/da\/wp-json\/wp\/v2\/pages\/3\/revisions\/5192"}],"wp:attachment":[{"href":"https:\/\/erabsweden.se\/da\/wp-json\/wp\/v2\/media?parent=3"}],"curies":[{"name":"wp","href":"https:\/\/api.w.org\/{rel}","templated":true}]}}