{"id":2155,"date":"2022-03-01T11:15:38","date_gmt":"2022-03-01T10:15:38","guid":{"rendered":"https:\/\/erabsweden.se\/?page_id=2155"},"modified":"2025-11-25T20:00:32","modified_gmt":"2025-11-25T19:00:32","slug":"irata-rebklatring-rope-access","status":"publish","type":"page","link":"https:\/\/erabsweden.se\/da\/irata-repklattring-rope-acess\/","title":{"rendered":"IRATA Rebklatring Rebadgang"},"content":{"rendered":"\t\t<div data-elementor-type=\"wp-page\" data-elementor-id=\"2155\" class=\"elementor elementor-2155\" data-elementor-post-type=\"page\">\n\t\t\t\t\t\t<section class=\"elementor-section elementor-top-section elementor-element elementor-element-76be2a9 elementor-section-boxed elementor-section-height-default elementor-section-height-default\" data-id=\"76be2a9\" data-element_type=\"section\" data-e-type=\"section\" id=\"inner-page\">\n\t\t\t\t\t\t<div class=\"elementor-container elementor-column-gap-default\">\n\t\t\t\t\t<div class=\"elementor-column elementor-col-50 elementor-top-column elementor-element elementor-element-722423e\" data-id=\"722423e\" data-element_type=\"column\" data-e-type=\"column\">\n\t\t\t<div class=\"elementor-widget-wrap elementor-element-populated\">\n\t\t\t\t\t\t<div class=\"elementor-element elementor-element-240ec64 elementor-widget elementor-widget-spacer\" data-id=\"240ec64\" data-element_type=\"widget\" data-e-type=\"widget\" data-widget_type=\"spacer.default\">\n\t\t\t\t<div class=\"elementor-widget-container\">\n\t\t\t\t\t\t\t<div class=\"elementor-spacer\">\n\t\t\t<div class=\"elementor-spacer-inner\"><\/div>\n\t\t<\/div>\n\t\t\t\t\t\t<\/div>\n\t\t\t\t<\/div>\n\t\t\t\t<div class=\"elementor-element elementor-element-56d0969 elementor-widget elementor-widget-spacer\" data-id=\"56d0969\" data-element_type=\"widget\" data-e-type=\"widget\" data-widget_type=\"spacer.default\">\n\t\t\t\t<div class=\"elementor-widget-container\">\n\t\t\t\t\t\t\t<div class=\"elementor-spacer\">\n\t\t\t<div class=\"elementor-spacer-inner\"><\/div>\n\t\t<\/div>\n\t\t\t\t\t\t<\/div>\n\t\t\t\t<\/div>\n\t\t\t\t<div class=\"elementor-element elementor-element-0c34371 elementor-widget elementor-widget-image\" data-id=\"0c34371\" data-element_type=\"widget\" data-e-type=\"widget\" data-widget_type=\"image.default\">\n\t\t\t\t<div class=\"elementor-widget-container\">\n\t\t\t\t\t\t\t\t\t\t\t\t\t\t\t<img fetchpriority=\"high\" decoding=\"async\" width=\"590\" height=\"400\" src=\"https:\/\/erabsweden.se\/wp-content\/uploads\/2021\/12\/IRATA_rope_access.jpg\" class=\"attachment-full size-full wp-image-1308\" alt=\"\" srcset=\"https:\/\/erabsweden.se\/wp-content\/uploads\/2021\/12\/IRATA_rope_access.jpg.webp 590w, https:\/\/erabsweden.se\/wp-content\/uploads\/2021\/12\/IRATA_rope_access-300x203.jpg.webp 300w\" sizes=\"(max-width: 590px) 100vw, 590px\" \/>\t\t\t\t\t\t\t\t\t\t\t\t\t\t\t<\/div>\n\t\t\t\t<\/div>\n\t\t\t\t<div class=\"elementor-element elementor-element-e6a0d7f elementor-widget elementor-widget-heading\" data-id=\"e6a0d7f\" data-element_type=\"widget\" data-e-type=\"widget\" data-widget_type=\"heading.default\">\n\t\t\t\t<div class=\"elementor-widget-container\">\n\t\t\t\t\t<h2 class=\"elementor-heading-title elementor-size-default\">Smidig \u00e5tkomst samt etablering<\/h2>\t\t\t\t<\/div>\n\t\t\t\t<\/div>\n\t\t\t\t<div class=\"elementor-element elementor-element-d7671f7 elementor-widget elementor-widget-text-editor\" data-id=\"d7671f7\" data-element_type=\"widget\" data-e-type=\"widget\" data-widget_type=\"text-editor.default\">\n\t\t\t\t<div class=\"elementor-widget-container\">\n\t\t\t\t\t\t\t\t\t<p>Tack vare rep kl\u00e4ttring kan vi n\u00e5 platser som annars \u00e4r sv\u00e5r\u00e5tkomliga med traditionella metoder som mobilkran, skylift eller st\u00e4llning. Detta leder ofta till en betydligt l\u00e4gre etableringskostnad. Beh\u00f6ver ni exempelvis hj\u00e4lp med montage, svetsning, sanering, reng\u00f6ring, inspektion eller liknande s\u00e5 kommer vi enkelt \u00e5t de flesta utrymmena.<\/p><p>Genom att anv\u00e4nda sig av rep kan vi erbjuda tj\u00e4nster inom flera olika branscher inte bara inom industrin. Detta kan vara anv\u00e4ndbart f\u00f6r fastighets\u00e4gare, inom vindkraft eller liknande h\u00f6gh\u00f6jdsarbeten.<\/p>\t\t\t\t\t\t\t\t<\/div>\n\t\t\t\t<\/div>\n\t\t\t\t<div class=\"elementor-element elementor-element-6f90c32 elementor-widget__width-initial elementor-widget elementor-widget-image\" data-id=\"6f90c32\" data-element_type=\"widget\" data-e-type=\"widget\" data-widget_type=\"image.default\">\n\t\t\t\t<div class=\"elementor-widget-container\">\n\t\t\t\t\t\t\t\t\t\t\t\t\t\t\t<img decoding=\"async\" width=\"600\" height=\"400\" src=\"https:\/\/erabsweden.se\/wp-content\/uploads\/2022\/03\/irata_2.jpg\" class=\"attachment-full size-full wp-image-3317\" alt=\"\" srcset=\"https:\/\/erabsweden.se\/wp-content\/uploads\/2022\/03\/irata_2.jpg.webp 600w, https:\/\/erabsweden.se\/wp-content\/uploads\/2022\/03\/irata_2-300x200.jpg.webp 300w\" sizes=\"(max-width: 600px) 100vw, 600px\" \/>\t\t\t\t\t\t\t\t\t\t\t\t\t\t\t<\/div>\n\t\t\t\t<\/div>\n\t\t\t\t<div class=\"elementor-element elementor-element-910046a elementor-widget__width-initial elementor-widget elementor-widget-image\" data-id=\"910046a\" data-element_type=\"widget\" data-e-type=\"widget\" data-widget_type=\"image.default\">\n\t\t\t\t<div class=\"elementor-widget-container\">\n\t\t\t\t\t\t\t\t\t\t\t\t\t\t\t<img decoding=\"async\" width=\"600\" height=\"400\" src=\"https:\/\/erabsweden.se\/wp-content\/uploads\/2022\/03\/irata_2.jpg\" class=\"attachment-full size-full wp-image-3317\" alt=\"\" srcset=\"https:\/\/erabsweden.se\/wp-content\/uploads\/2022\/03\/irata_2.jpg.webp 600w, https:\/\/erabsweden.se\/wp-content\/uploads\/2022\/03\/irata_2-300x200.jpg.webp 300w\" sizes=\"(max-width: 600px) 100vw, 600px\" \/>\t\t\t\t\t\t\t\t\t\t\t\t\t\t\t<\/div>\n\t\t\t\t<\/div>\n\t\t\t\t<div class=\"elementor-element elementor-element-c17df01 elementor-widget elementor-widget-spacer\" data-id=\"c17df01\" data-element_type=\"widget\" data-e-type=\"widget\" data-widget_type=\"spacer.default\">\n\t\t\t\t<div class=\"elementor-widget-container\">\n\t\t\t\t\t\t\t<div class=\"elementor-spacer\">\n\t\t\t<div class=\"elementor-spacer-inner\"><\/div>\n\t\t<\/div>\n\t\t\t\t\t\t<\/div>\n\t\t\t\t<\/div>\n\t\t\t\t<div class=\"elementor-element elementor-element-9a44285 elementor-widget elementor-widget-heading\" data-id=\"9a44285\" data-element_type=\"widget\" data-e-type=\"widget\" data-widget_type=\"heading.default\">\n\t\t\t\t<div class=\"elementor-widget-container\">\n\t\t\t\t\t<h2 class=\"elementor-heading-title elementor-size-default\">Inv\u00e4ndiga inspektioner<\/h2>\t\t\t\t<\/div>\n\t\t\t\t<\/div>\n\t\t\t\t<div class=\"elementor-element elementor-element-de0419e elementor-widget elementor-widget-text-editor\" data-id=\"de0419e\" data-element_type=\"widget\" data-e-type=\"widget\" data-widget_type=\"text-editor.default\">\n\t\t\t\t<div class=\"elementor-widget-container\">\n\t\t\t\t\t\t\t\t\t<p>Vi har inspekterat samt utf\u00f6rt arbeten inuti skorstenar, r\u00f6kr\u00f6r, hisschakt med mera. \u00c4ven utv\u00e4ndiga inspektioner utf\u00f6rs med Rope Acess. Detta kan s\u00e5klart utf\u00f6ras i alla typer av byggnader som silos, r\u00f6r, bropelare, master osv.<\/p>\t\t\t\t\t\t\t\t<\/div>\n\t\t\t\t<\/div>\n\t\t\t\t<div class=\"elementor-element elementor-element-15881b8 elementor-widget elementor-widget-heading\" data-id=\"15881b8\" data-element_type=\"widget\" data-e-type=\"widget\" data-widget_type=\"heading.default\">\n\t\t\t\t<div class=\"elementor-widget-container\">\n\t\t\t\t\t<h2 class=\"elementor-heading-title elementor-size-default\">Sn\u00f6skottning samt fasadarbeten<\/h2>\t\t\t\t<\/div>\n\t\t\t\t<\/div>\n\t\t\t\t<div class=\"elementor-element elementor-element-ffa8742 elementor-widget elementor-widget-text-editor\" data-id=\"ffa8742\" data-element_type=\"widget\" data-e-type=\"widget\" data-widget_type=\"text-editor.default\">\n\t\t\t\t<div class=\"elementor-widget-container\">\n\t\t\t\t\t\t\t\t\t<p>Under vintertid hj\u00e4lper vi fastighets\u00e4gare att skotta sn\u00f6 samt ta ner istappar fr\u00e5n flera typer av byggnader i olika milj\u00f6er. En skylift n\u00e5r inte alltid \u00f6ver hela hustaken eller \u00e4r f\u00f6r klumpig f\u00f6r att komma \u00e5t tr\u00e5nga utrymmen.<\/p><p>Med hj\u00e4lp av rep kan vi r\u00f6ra oss obehindrat p\u00e5 taken i alla typer av lutningar samt oavsett hur halt det \u00e4r. D\u00e5 man enkelt kan fira sig ner d\u00e4r man sitter p\u00e5 kn\u00e4 blir alla r\u00f6relser mjuka och kontrollerade.<\/p>\t\t\t\t\t\t\t\t<\/div>\n\t\t\t\t<\/div>\n\t\t\t\t<section class=\"elementor-section elementor-inner-section elementor-element elementor-element-a4301f8 elementor-section-boxed elementor-section-height-default elementor-section-height-default\" data-id=\"a4301f8\" data-element_type=\"section\" data-e-type=\"section\">\n\t\t\t\t\t\t<div class=\"elementor-container elementor-column-gap-default\">\n\t\t\t\t\t<div class=\"elementor-column elementor-col-50 elementor-inner-column elementor-element elementor-element-83c35bc\" data-id=\"83c35bc\" data-element_type=\"column\" data-e-type=\"column\">\n\t\t\t<div class=\"elementor-widget-wrap elementor-element-populated\">\n\t\t\t\t\t\t<div class=\"elementor-element elementor-element-52d4aee elementor-widget-mobile__width-inherit elementor-widget elementor-widget-image\" data-id=\"52d4aee\" data-element_type=\"widget\" data-e-type=\"widget\" data-widget_type=\"image.default\">\n\t\t\t\t<div class=\"elementor-widget-container\">\n\t\t\t\t\t\t\t\t\t\t\t\t\t\t\t<img decoding=\"async\" width=\"265\" height=\"310\" src=\"https:\/\/erabsweden.se\/wp-content\/uploads\/2022\/02\/personal_3546.jpg\" class=\"attachment-full size-full wp-image-1970\" alt=\"\" srcset=\"https:\/\/erabsweden.se\/wp-content\/uploads\/2022\/02\/personal_3546.jpg.webp 265w, https:\/\/erabsweden.se\/wp-content\/uploads\/2022\/02\/personal_3546-256x300.jpg.webp 256w\" sizes=\"(max-width: 265px) 100vw, 265px\" \/>\t\t\t\t\t\t\t\t\t\t\t\t\t\t\t<\/div>\n\t\t\t\t<\/div>\n\t\t\t\t\t<\/div>\n\t\t<\/div>\n\t\t\t\t<div class=\"elementor-column elementor-col-50 elementor-inner-column elementor-element elementor-element-e993be7\" data-id=\"e993be7\" data-element_type=\"column\" data-e-type=\"column\">\n\t\t\t<div class=\"elementor-widget-wrap elementor-element-populated\">\n\t\t\t\t\t\t<div class=\"elementor-element elementor-element-d66020d elementor-widget elementor-widget-text-editor\" data-id=\"d66020d\" data-element_type=\"widget\" data-e-type=\"widget\" data-widget_type=\"text-editor.default\">\n\t\t\t\t<div class=\"elementor-widget-container\">\n\t\t\t\t\t\t\t\t\t<p><strong>L\u00e5t oss hj\u00e4lpa dig!<\/strong><br \/><a href=\"mailto:daniel.bosater@erabsweden.se\">daniel.bosater@erabsweden.se<\/a><br \/>070-810 53 98<\/p>\t\t\t\t\t\t\t\t<\/div>\n\t\t\t\t<\/div>\n\t\t\t\t\t<\/div>\n\t\t<\/div>\n\t\t\t\t\t<\/div>\n\t\t<\/section>\n\t\t\t\t\t<\/div>\n\t\t<\/div>\n\t\t\t\t<div class=\"elementor-column elementor-col-50 elementor-top-column elementor-element elementor-element-6a7752a elementor-hidden-tablet elementor-hidden-mobile\" data-id=\"6a7752a\" data-element_type=\"column\" data-e-type=\"column\">\n\t\t\t<div class=\"elementor-widget-wrap elementor-element-populated\">\n\t\t\t\t\t\t<section class=\"elementor-section elementor-inner-section elementor-element elementor-element-a57ca03 elementor-section-boxed elementor-section-height-default elementor-section-height-default\" data-id=\"a57ca03\" data-element_type=\"section\" data-e-type=\"section\" data-settings=\"{&quot;sticky&quot;:&quot;top&quot;,&quot;sticky_on&quot;:[&quot;desktop&quot;,&quot;tablet&quot;],&quot;sticky_offset&quot;:110,&quot;sticky_parent&quot;:&quot;yes&quot;,&quot;sticky_effects_offset&quot;:1,&quot;sticky_anchor_link_offset&quot;:0}\">\n\t\t\t\t\t\t<div class=\"elementor-container elementor-column-gap-default\">\n\t\t\t\t\t<div class=\"elementor-column elementor-col-100 elementor-inner-column elementor-element elementor-element-30a4d3f\" data-id=\"30a4d3f\" data-element_type=\"column\" data-e-type=\"column\" data-settings=\"{&quot;background_background&quot;:&quot;classic&quot;}\">\n\t\t\t<div class=\"elementor-widget-wrap elementor-element-populated\">\n\t\t\t\t\t\t<div class=\"elementor-element elementor-element-c73222a elementor-widget elementor-widget-image\" data-id=\"c73222a\" data-element_type=\"widget\" data-e-type=\"widget\" data-widget_type=\"image.default\">\n\t\t\t\t<div class=\"elementor-widget-container\">\n\t\t\t\t\t\t\t\t\t\t\t\t\t\t\t<img loading=\"lazy\" decoding=\"async\" width=\"150\" height=\"150\" src=\"https:\/\/erabsweden.se\/wp-content\/uploads\/2022\/03\/direction.png\" class=\"attachment-full size-full wp-image-2438\" alt=\"\" \/>\t\t\t\t\t\t\t\t\t\t\t\t\t\t\t<\/div>\n\t\t\t\t<\/div>\n\t\t\t\t<div class=\"elementor-element elementor-element-2c98fbb elementor-widget elementor-widget-text-editor\" data-id=\"2c98fbb\" data-element_type=\"widget\" data-e-type=\"widget\" data-widget_type=\"text-editor.default\">\n\t\t\t\t<div class=\"elementor-widget-container\">\n\t\t\t\t\t\t\t\t\t<p>Hitta r\u00e4tt l\u00f6sning f\u00f6r era behov.<\/p>\t\t\t\t\t\t\t\t<\/div>\n\t\t\t\t<\/div>\n\t\t\t\t<div class=\"elementor-element elementor-element-ce3d6a4 elementor-widget elementor-widget-button\" data-id=\"ce3d6a4\" data-element_type=\"widget\" data-e-type=\"widget\" id=\"float-btn-side\" data-widget_type=\"button.default\">\n\t\t\t\t<div class=\"elementor-widget-container\">\n\t\t\t\t\t\t\t\t\t<div class=\"elementor-button-wrapper\">\n\t\t\t\t\t<a class=\"elementor-button elementor-button-link elementor-size-sm\" href=\"https:\/\/erabsweden.se\/kontakta-oss\/\">\n\t\t\t\t\t\t<span class=\"elementor-button-content-wrapper\">\n\t\t\t\t\t\t\t\t\t<span class=\"elementor-button-text\">Kontakta oss!<\/span>\n\t\t\t\t\t<\/span>\n\t\t\t\t\t<\/a>\n\t\t\t\t<\/div>\n\t\t\t\t\t\t\t\t<\/div>\n\t\t\t\t<\/div>\n\t\t\t\t\t<\/div>\n\t\t<\/div>\n\t\t\t\t\t<\/div>\n\t\t<\/section>\n\t\t\t\t\t<\/div>\n\t\t<\/div>\n\t\t\t\t\t<\/div>\n\t\t<\/section>\n\t\t\t\t<section class=\"elementor-section elementor-top-section elementor-element elementor-element-d085533 elementor-section-height-min-height elementor-section-boxed elementor-section-height-default elementor-section-items-middle\" data-id=\"d085533\" data-element_type=\"section\" data-e-type=\"section\" data-settings=\"{&quot;background_background&quot;:&quot;classic&quot;}\">\n\t\t\t\t\t\t<div class=\"elementor-container elementor-column-gap-default\">\n\t\t\t\t\t<div class=\"elementor-column elementor-col-100 elementor-top-column elementor-element elementor-element-885451a\" data-id=\"885451a\" data-element_type=\"column\" data-e-type=\"column\">\n\t\t\t<div class=\"elementor-widget-wrap elementor-element-populated\">\n\t\t\t\t\t\t<div class=\"elementor-element elementor-element-5c72980 elementor-widget elementor-widget-heading\" data-id=\"5c72980\" data-element_type=\"widget\" data-e-type=\"widget\" data-widget_type=\"heading.default\">\n\t\t\t\t<div class=\"elementor-widget-container\">\n\t\t\t\t\t<h2 class=\"elementor-heading-title elementor-size-default\">Vad kan vi hj\u00e4lpa dig med?<\/h2>\t\t\t\t<\/div>\n\t\t\t\t<\/div>\n\t\t\t\t<div class=\"elementor-element elementor-element-302ed0d elementor-tablet-button-align-end elementor-button-align-end elementor-widget elementor-widget-form\" data-id=\"302ed0d\" data-element_type=\"widget\" data-e-type=\"widget\" data-settings=\"{&quot;step_next_label&quot;:&quot;Next&quot;,&quot;step_previous_label&quot;:&quot;Previous&quot;,&quot;button_width_tablet&quot;:&quot;100&quot;,&quot;step_type&quot;:&quot;number_text&quot;,&quot;step_icon_shape&quot;:&quot;circle&quot;}\" data-widget_type=\"form.default\">\n\t\t\t\t<div class=\"elementor-widget-container\">\n\t\t\t\t\t\t\t<form class=\"elementor-form\" method=\"post\" name=\"CTA Kontakta oss\" aria-label=\"CTA Kontakta oss\">\n\t\t\t<input type=\"hidden\" name=\"post_id\" value=\"2155\"\/>\n\t\t\t<input type=\"hidden\" name=\"form_id\" value=\"302ed0d\"\/>\n\t\t\t<input type=\"hidden\" name=\"referer_title\" value=\"IRATA-Repkl\u00e4ttring Rope Acess - ERAB\" \/>\n\n\t\t\t\t\t\t\t<input type=\"hidden\" name=\"queried_id\" value=\"2155\"\/>\n\t\t\t\n\t\t\t<div class=\"elementor-form-fields-wrapper elementor-labels-\">\n\t\t\t\t\t\t\t\t<div class=\"elementor-field-type-text elementor-field-group elementor-column elementor-field-group-name elementor-col-50 elementor-md-100 elementor-field-required\">\n\t\t\t\t\t\t\t\t\t\t\t\t<label for=\"form-field-name\" class=\"elementor-field-label elementor-screen-only\">\n\t\t\t\t\t\t\t\tNamn\t\t\t\t\t\t\t<\/label>\n\t\t\t\t\t\t\t\t\t\t\t\t\t\t<input size=\"1\" type=\"text\" name=\"form_fields[name]\" id=\"form-field-name\" class=\"elementor-field elementor-size-lg  elementor-field-textual\" placeholder=\"Namn\" required=\"required\">\n\t\t\t\t\t\t\t\t\t\t\t<\/div>\n\t\t\t\t\t\t\t\t<div class=\"elementor-field-type-text elementor-field-group elementor-column elementor-field-group-field_da7a06e elementor-col-50 elementor-md-100 elementor-field-required\">\n\t\t\t\t\t\t\t\t\t\t\t\t<label for=\"form-field-field_da7a06e\" class=\"elementor-field-label elementor-screen-only\">\n\t\t\t\t\t\t\t\tF\u00f6retag\t\t\t\t\t\t\t<\/label>\n\t\t\t\t\t\t\t\t\t\t\t\t\t\t<input size=\"1\" type=\"text\" name=\"form_fields[field_da7a06e]\" id=\"form-field-field_da7a06e\" class=\"elementor-field elementor-size-lg  elementor-field-textual\" placeholder=\"F\u00f6retag\" required=\"required\">\n\t\t\t\t\t\t\t\t\t\t\t<\/div>\n\t\t\t\t\t\t\t\t<div class=\"elementor-field-type-email elementor-field-group elementor-column elementor-field-group-email elementor-col-50 elementor-md-50 elementor-field-required\">\n\t\t\t\t\t\t\t\t\t\t\t\t<label for=\"form-field-email\" class=\"elementor-field-label elementor-screen-only\">\n\t\t\t\t\t\t\t\tE-postadress\t\t\t\t\t\t\t<\/label>\n\t\t\t\t\t\t\t\t\t\t\t\t\t\t<input size=\"1\" type=\"email\" name=\"form_fields[email]\" id=\"form-field-email\" class=\"elementor-field elementor-size-lg  elementor-field-textual\" placeholder=\"E-postadress\" required=\"required\">\n\t\t\t\t\t\t\t\t\t\t\t<\/div>\n\t\t\t\t\t\t\t\t<div class=\"elementor-field-type-tel elementor-field-group elementor-column elementor-field-group-field_1 elementor-col-50 elementor-md-50 elementor-field-required\">\n\t\t\t\t\t\t\t\t\t\t\t\t<label for=\"form-field-field_1\" class=\"elementor-field-label elementor-screen-only\">\n\t\t\t\t\t\t\t\tTelefon\t\t\t\t\t\t\t<\/label>\n\t\t\t\t\t\t\t\t<input size=\"1\" type=\"tel\" name=\"form_fields[field_1]\" id=\"form-field-field_1\" class=\"elementor-field elementor-size-lg  elementor-field-textual\" placeholder=\"Telefon\" required=\"required\" pattern=\"[0-9()#&amp;+*-=.]+\" title=\"Endast siffror och telefontecken (#, -, *, etc) accepteras.\">\n\n\t\t\t\t\t\t<\/div>\n\t\t\t\t\t\t\t\t<div class=\"elementor-field-type-radio elementor-field-group elementor-column elementor-field-group-field_c670e84 elementor-col-100 elementor-field-required\">\n\t\t\t\t\t\t\t\t\t\t\t\t<label for=\"form-field-field_c670e84\" class=\"elementor-field-label elementor-screen-only\">\n\t\t\t\t\t\t\t\tHur kan vi hj\u00e4lpa dig?\t\t\t\t\t\t\t<\/label>\n\t\t\t\t\t\t<div class=\"elementor-field-subgroup  elementor-subgroup-inline\"><span class=\"elementor-field-option\"><input type=\"radio\" value=\"Generell fr\u00e5ga\" id=\"form-field-field_c670e84-0\" name=\"form_fields[field_c670e84]\" required=\"required\"> <label for=\"form-field-field_c670e84-0\">Generell fr\u00e5ga<\/label><\/span><span class=\"elementor-field-option\"><input type=\"radio\" value=\"Offert\" id=\"form-field-field_c670e84-1\" name=\"form_fields[field_c670e84]\" required=\"required\"> <label for=\"form-field-field_c670e84-1\">Offert<\/label><\/span><span class=\"elementor-field-option\"><input type=\"radio\" value=\"Kontakta mig\" id=\"form-field-field_c670e84-2\" name=\"form_fields[field_c670e84]\" required=\"required\"> <label for=\"form-field-field_c670e84-2\">Kontakta mig<\/label><\/span><\/div>\t\t\t\t<\/div>\n\t\t\t\t\t\t\t\t<div class=\"elementor-field-type-textarea elementor-field-group elementor-column elementor-field-group-field_fd70300 elementor-col-100\">\n\t\t\t\t\t\t\t\t\t\t\t\t<label for=\"form-field-field_fd70300\" class=\"elementor-field-label elementor-screen-only\">\n\t\t\t\t\t\t\t\tDitt meddelande\t\t\t\t\t\t\t<\/label>\n\t\t\t\t\t\t<textarea class=\"elementor-field-textual elementor-field  elementor-size-lg\" name=\"form_fields[field_fd70300]\" id=\"form-field-field_fd70300\" rows=\"4\" placeholder=\"Ditt meddelande\"><\/textarea>\t\t\t\t<\/div>\n\t\t\t\t\t\t\t\t<div class=\"elementor-field-type-recaptcha_v3 elementor-field-group elementor-column elementor-field-group-field_4b0d0db elementor-col-100 recaptcha_v3-bottomright\">\n\t\t\t\t\t<div class=\"elementor-field\" id=\"form-field-field_4b0d0db\"><div class=\"elementor-g-recaptcha\" data-sitekey=\"6LcartkeAAAAAAdLSjlOnN8p-HkPGuXtL_KNxN2-\" data-type=\"v3\" data-action=\"Form\" data-badge=\"bottomright\" data-size=\"invisible\"><\/div><\/div>\t\t\t\t<\/div>\n\t\t\t\t\t\t\t\t<div class=\"elementor-field-group elementor-column elementor-field-type-submit elementor-col-100 e-form__buttons elementor-md-100\">\n\t\t\t\t\t<button class=\"elementor-button elementor-size-lg\" type=\"submit\">\n\t\t\t\t\t\t<span class=\"elementor-button-content-wrapper\">\n\t\t\t\t\t\t\t\t\t\t\t\t\t\t\t\t\t\t\t\t\t\t<span class=\"elementor-button-text\">Skicka<\/span>\n\t\t\t\t\t\t\t\t\t\t\t\t\t<\/span>\n\t\t\t\t\t<\/button>\n\t\t\t\t<\/div>\n\t\t\t<\/div>\n\t\t<\/form>\n\t\t\t\t\t\t<\/div>\n\t\t\t\t<\/div>\n\t\t\t\t\t<\/div>\n\t\t<\/div>\n\t\t\t\t\t<\/div>\n\t\t<\/section>\n\t\t\t\t<\/div>\n\t\t","protected":false},"excerpt":{"rendered":"<p>Smidig \u00e5tkomst samt etablering Tack vare rep kl\u00e4ttring kan vi n\u00e5 platser som annars \u00e4r sv\u00e5r\u00e5tkomliga med traditionella metoder som mobilkran, skylift eller st\u00e4llning. Detta leder ofta till en betydligt l\u00e4gre etableringskostnad. Beh\u00f6ver ni exempelvis hj\u00e4lp med montage, svetsning, sanering, reng\u00f6ring, inspektion eller liknande s\u00e5 kommer vi enkelt \u00e5t de flesta utrymmena. Genom att anv\u00e4nda [&hellip;]<\/p>\n","protected":false},"author":1,"featured_media":0,"parent":0,"menu_order":0,"comment_status":"closed","ping_status":"closed","template":"","meta":{"inline_featured_image":false,"footnotes":""},"class_list":["post-2155","page","type-page","status-publish","hentry"],"_links":{"self":[{"href":"https:\/\/erabsweden.se\/da\/wp-json\/wp\/v2\/pages\/2155","targetHints":{"allow":["GET"]}}],"collection":[{"href":"https:\/\/erabsweden.se\/da\/wp-json\/wp\/v2\/pages"}],"about":[{"href":"https:\/\/erabsweden.se\/da\/wp-json\/wp\/v2\/types\/page"}],"author":[{"embeddable":true,"href":"https:\/\/erabsweden.se\/da\/wp-json\/wp\/v2\/users\/1"}],"replies":[{"embeddable":true,"href":"https:\/\/erabsweden.se\/da\/wp-json\/wp\/v2\/comments?post=2155"}],"version-history":[{"count":16,"href":"https:\/\/erabsweden.se\/da\/wp-json\/wp\/v2\/pages\/2155\/revisions"}],"predecessor-version":[{"id":5826,"href":"https:\/\/erabsweden.se\/da\/wp-json\/wp\/v2\/pages\/2155\/revisions\/5826"}],"wp:attachment":[{"href":"https:\/\/erabsweden.se\/da\/wp-json\/wp\/v2\/media?parent=2155"}],"curies":[{"name":"wp","href":"https:\/\/api.w.org\/{rel}","templated":true}]}}