{"id":2135,"date":"2022-03-01T11:08:30","date_gmt":"2022-03-01T10:08:30","guid":{"rendered":"https:\/\/erabsweden.se\/?page_id=2135"},"modified":"2025-08-16T07:53:56","modified_gmt":"2025-08-16T05:53:56","slug":"vandtilbageholdelse-i-betonkonstruktioner","status":"publish","type":"page","link":"https:\/\/erabsweden.se\/da\/vattenbilning-av-betongskonstruktioner\/","title":{"rendered":"Vandt\u00e6tning af betonkonstruktioner"},"content":{"rendered":"\t\t<div data-elementor-type=\"wp-page\" data-elementor-id=\"2135\" class=\"elementor elementor-2135\" data-elementor-post-type=\"page\">\n\t\t\t\t\t\t<section class=\"elementor-section elementor-top-section elementor-element elementor-element-32d9d8a elementor-section-boxed elementor-section-height-default elementor-section-height-default\" data-id=\"32d9d8a\" data-element_type=\"section\" data-e-type=\"section\" id=\"inner-page\">\n\t\t\t\t\t\t<div class=\"elementor-container elementor-column-gap-default\">\n\t\t\t\t\t<div class=\"elementor-column elementor-col-50 elementor-top-column elementor-element elementor-element-376ac79\" data-id=\"376ac79\" data-element_type=\"column\" data-e-type=\"column\">\n\t\t\t<div class=\"elementor-widget-wrap elementor-element-populated\">\n\t\t\t\t\t\t<div class=\"elementor-element elementor-element-6dbb08d elementor-widget elementor-widget-spacer\" data-id=\"6dbb08d\" data-element_type=\"widget\" data-e-type=\"widget\" data-widget_type=\"spacer.default\">\n\t\t\t\t<div class=\"elementor-widget-container\">\n\t\t\t\t\t\t\t<div class=\"elementor-spacer\">\n\t\t\t<div class=\"elementor-spacer-inner\"><\/div>\n\t\t<\/div>\n\t\t\t\t\t\t<\/div>\n\t\t\t\t<\/div>\n\t\t\t\t<div class=\"elementor-element elementor-element-5c207eb elementor-widget elementor-widget-spacer\" data-id=\"5c207eb\" data-element_type=\"widget\" data-e-type=\"widget\" data-widget_type=\"spacer.default\">\n\t\t\t\t<div class=\"elementor-widget-container\">\n\t\t\t\t\t\t\t<div class=\"elementor-spacer\">\n\t\t\t<div class=\"elementor-spacer-inner\"><\/div>\n\t\t<\/div>\n\t\t\t\t\t\t<\/div>\n\t\t\t\t<\/div>\n\t\t\t\t<div class=\"elementor-element elementor-element-44bbb02 elementor-widget elementor-widget-image\" data-id=\"44bbb02\" data-element_type=\"widget\" data-e-type=\"widget\" data-widget_type=\"image.default\">\n\t\t\t\t<div class=\"elementor-widget-container\">\n\t\t\t\t\t\t\t\t\t\t\t\t\t\t\t<img fetchpriority=\"high\" decoding=\"async\" width=\"800\" height=\"602\" src=\"https:\/\/erabsweden.se\/wp-content\/uploads\/2025\/08\/Stefan-vattenbilar-3-1024x770.jpg\" class=\"attachment-large size-large wp-image-5757\" alt=\"\" srcset=\"https:\/\/erabsweden.se\/wp-content\/uploads\/2025\/08\/Stefan-vattenbilar-3-1024x770.jpg 1024w, https:\/\/erabsweden.se\/wp-content\/uploads\/2025\/08\/Stefan-vattenbilar-3-300x226.jpg 300w, https:\/\/erabsweden.se\/wp-content\/uploads\/2025\/08\/Stefan-vattenbilar-3-768x577.jpg 768w, https:\/\/erabsweden.se\/wp-content\/uploads\/2025\/08\/Stefan-vattenbilar-3-1536x1155.jpg 1536w, https:\/\/erabsweden.se\/wp-content\/uploads\/2025\/08\/Stefan-vattenbilar-3-2048x1539.jpg 2048w, https:\/\/erabsweden.se\/wp-content\/uploads\/2025\/08\/Stefan-vattenbilar-3-16x12.jpg 16w\" sizes=\"(max-width: 800px) 100vw, 800px\" \/>\t\t\t\t\t\t\t\t\t\t\t\t\t\t\t<\/div>\n\t\t\t\t<\/div>\n\t\t\t\t<div class=\"elementor-element elementor-element-768f069 elementor-widget elementor-widget-heading\" data-id=\"768f069\" data-element_type=\"widget\" data-e-type=\"widget\" data-widget_type=\"heading.default\">\n\t\t\t\t<div class=\"elementor-widget-container\">\n\t\t\t\t\t<h5 class=\"elementor-heading-title elementor-size-default\">Vattenbilning som metod<\/h5>\t\t\t\t<\/div>\n\t\t\t\t<\/div>\n\t\t\t\t<div class=\"elementor-element elementor-element-43bd344 elementor-widget elementor-widget-text-editor\" data-id=\"43bd344\" data-element_type=\"widget\" data-e-type=\"widget\" data-widget_type=\"text-editor.default\">\n\t\t\t\t<div class=\"elementor-widget-container\">\n\t\t\t\t\t\t\t\t\t<p>Vattenbilning \u00e4r en milj\u00f6v\u00e4nlig metod som dessutom \u00e4r skonsam mot armering och underliggande konstruktion. Sv\u00e5r\u00e5tkomliga ytor kan l\u00e4ttare \u00e5tg\u00e4rdas med Vattenbilning.<\/p><p>Principen \u00e4r att en vattenstr\u00e5le med modulerbart h\u00e5rdtryck bearbetar betongen selektivt. Genom att vattenstr\u00e5len trots sin h\u00f6ga bilningseffekt \u00e4r skonsam mot frisk betong och armering har metoden klara f\u00f6rdelar. Armering blir helt rengjord fr\u00e5n rost men inte skadad. Mikrosprickor uppst\u00e5r inte som vid traditionell mekanisk bilning. Ett starkt och s\u00e4kert \u00e5tergjutningsresultat uppn\u00e5s fr\u00e4mst genom att vattenbilningen \u00e5stadkommer en mycket god vidh\u00e4ftningsyta.<\/p><p>Vi utf\u00f6r provtagning och analys av betongen f\u00f6r att f\u00e5 bra kontroll \u00f6ver skadebild som oftast orsakas av karbonatisering och kloridangrepp. Med analys-och resultatet som grund programmeras v\u00e4rden in och en datorenhet styr hela bilningsarbetet. Pumpenhetens vattentryck st\u00e4lls in f\u00f6r varje omr\u00e5de p\u00e5 skorstenen beroende p\u00e5 skadebilden. Genom f\u00f6rflyttning av bilningenheten, opererar vattenmunstycket inom utvalt omr\u00e5de med ett vattentryck som ger bilning ner till ett inprogrammerat kvalitets djup.<\/p>\t\t\t\t\t\t\t\t<\/div>\n\t\t\t\t<\/div>\n\t\t\t\t<div class=\"elementor-element elementor-element-133d252 elementor-widget elementor-widget-video\" data-id=\"133d252\" data-element_type=\"widget\" data-e-type=\"widget\" data-settings=\"{&quot;video_type&quot;:&quot;vimeo&quot;,&quot;autoplay&quot;:&quot;yes&quot;,&quot;play_on_mobile&quot;:&quot;yes&quot;,&quot;mute&quot;:&quot;yes&quot;,&quot;loop&quot;:&quot;yes&quot;}\" data-widget_type=\"video.default\">\n\t\t\t\t<div class=\"elementor-widget-container\">\n\t\t\t\t\t\t\t<div class=\"elementor-wrapper elementor-open-inline\">\n\t\t\t<iframe class=\"elementor-video-iframe\" allowfullscreen allow=\"autoplay\" title=\"youtube Videoafspiller\" src=\"https:\/\/www.youtube.com\/embed\/_Rdp0xlO_28?feature=oembed&amp;autoplay=1&amp;playsinline=1&amp;color&amp;autopause=0&amp;loop=1&amp;muted=1&amp;title=0&amp;portrait=0&amp;byline=0\"><\/iframe>\t\t<\/div>\n\t\t\t\t\t\t<\/div>\n\t\t\t\t<\/div>\n\t\t\t\t<div class=\"elementor-element elementor-element-5875e97 elementor-widget elementor-widget-spacer\" data-id=\"5875e97\" data-element_type=\"widget\" data-e-type=\"widget\" data-widget_type=\"spacer.default\">\n\t\t\t\t<div class=\"elementor-widget-container\">\n\t\t\t\t\t\t\t<div class=\"elementor-spacer\">\n\t\t\t<div class=\"elementor-spacer-inner\"><\/div>\n\t\t<\/div>\n\t\t\t\t\t\t<\/div>\n\t\t\t\t<\/div>\n\t\t\t\t<section class=\"elementor-section elementor-inner-section elementor-element elementor-element-2a4357a elementor-section-boxed elementor-section-height-default elementor-section-height-default\" data-id=\"2a4357a\" data-element_type=\"section\" data-e-type=\"section\">\n\t\t\t\t\t\t<div class=\"elementor-container elementor-column-gap-default\">\n\t\t\t\t\t<div class=\"elementor-column elementor-col-50 elementor-inner-column elementor-element elementor-element-0be6a95\" data-id=\"0be6a95\" data-element_type=\"column\" data-e-type=\"column\">\n\t\t\t<div class=\"elementor-widget-wrap elementor-element-populated\">\n\t\t\t\t\t\t<div class=\"elementor-element elementor-element-e80d559 elementor-widget-mobile__width-inherit elementor-widget elementor-widget-image\" data-id=\"e80d559\" data-element_type=\"widget\" data-e-type=\"widget\" data-widget_type=\"image.default\">\n\t\t\t\t<div class=\"elementor-widget-container\">\n\t\t\t\t\t\t\t\t\t\t\t\t\t\t\t<img decoding=\"async\" width=\"265\" height=\"310\" src=\"https:\/\/erabsweden.se\/wp-content\/uploads\/2022\/02\/personal_3546.jpg\" class=\"attachment-full size-full wp-image-1970\" alt=\"\" srcset=\"https:\/\/erabsweden.se\/wp-content\/uploads\/2022\/02\/personal_3546.jpg 265w, https:\/\/erabsweden.se\/wp-content\/uploads\/2022\/02\/personal_3546-256x300.jpg 256w\" sizes=\"(max-width: 265px) 100vw, 265px\" \/>\t\t\t\t\t\t\t\t\t\t\t\t\t\t\t<\/div>\n\t\t\t\t<\/div>\n\t\t\t\t\t<\/div>\n\t\t<\/div>\n\t\t\t\t<div class=\"elementor-column elementor-col-50 elementor-inner-column elementor-element elementor-element-79a98b3\" data-id=\"79a98b3\" data-element_type=\"column\" data-e-type=\"column\">\n\t\t\t<div class=\"elementor-widget-wrap elementor-element-populated\">\n\t\t\t\t\t\t<div class=\"elementor-element elementor-element-aaf9807 elementor-widget elementor-widget-text-editor\" data-id=\"aaf9807\" data-element_type=\"widget\" data-e-type=\"widget\" data-widget_type=\"text-editor.default\">\n\t\t\t\t<div class=\"elementor-widget-container\">\n\t\t\t\t\t\t\t\t\t<p><strong>L\u00e5t oss hj\u00e4lpa dig!<\/strong><br \/><a href=\"mailto:daniel.bosater@erabsweden.se\">daniel.bosater@erabsweden.se<\/a><br \/>070-810 53 98<\/p>\t\t\t\t\t\t\t\t<\/div>\n\t\t\t\t<\/div>\n\t\t\t\t\t<\/div>\n\t\t<\/div>\n\t\t\t\t\t<\/div>\n\t\t<\/section>\n\t\t\t\t\t<\/div>\n\t\t<\/div>\n\t\t\t\t<div class=\"elementor-column elementor-col-50 elementor-top-column elementor-element elementor-element-0c0f03b elementor-hidden-tablet elementor-hidden-mobile\" data-id=\"0c0f03b\" data-element_type=\"column\" data-e-type=\"column\">\n\t\t\t<div class=\"elementor-widget-wrap elementor-element-populated\">\n\t\t\t\t\t\t<section class=\"elementor-section elementor-inner-section elementor-element elementor-element-f7c759a elementor-section-boxed elementor-section-height-default elementor-section-height-default\" data-id=\"f7c759a\" data-element_type=\"section\" data-e-type=\"section\" data-settings=\"{&quot;sticky&quot;:&quot;top&quot;,&quot;sticky_on&quot;:[&quot;desktop&quot;,&quot;tablet&quot;],&quot;sticky_offset&quot;:110,&quot;sticky_parent&quot;:&quot;yes&quot;,&quot;sticky_effects_offset&quot;:1,&quot;sticky_anchor_link_offset&quot;:0}\">\n\t\t\t\t\t\t<div class=\"elementor-container elementor-column-gap-default\">\n\t\t\t\t\t<div class=\"elementor-column elementor-col-100 elementor-inner-column elementor-element elementor-element-11a4f9d\" data-id=\"11a4f9d\" data-element_type=\"column\" data-e-type=\"column\" data-settings=\"{&quot;background_background&quot;:&quot;classic&quot;}\">\n\t\t\t<div class=\"elementor-widget-wrap elementor-element-populated\">\n\t\t\t\t\t\t<div class=\"elementor-element elementor-element-b3473ea elementor-widget elementor-widget-image\" data-id=\"b3473ea\" data-element_type=\"widget\" data-e-type=\"widget\" data-widget_type=\"image.default\">\n\t\t\t\t<div class=\"elementor-widget-container\">\n\t\t\t\t\t\t\t\t\t\t\t\t\t\t\t<img decoding=\"async\" width=\"150\" height=\"150\" src=\"https:\/\/erabsweden.se\/wp-content\/uploads\/2022\/03\/direction.png\" class=\"attachment-full size-full wp-image-2438\" alt=\"\" \/>\t\t\t\t\t\t\t\t\t\t\t\t\t\t\t<\/div>\n\t\t\t\t<\/div>\n\t\t\t\t<div class=\"elementor-element elementor-element-d5f98ae elementor-widget elementor-widget-text-editor\" data-id=\"d5f98ae\" data-element_type=\"widget\" data-e-type=\"widget\" data-widget_type=\"text-editor.default\">\n\t\t\t\t<div class=\"elementor-widget-container\">\n\t\t\t\t\t\t\t\t\t<p>Hitta r\u00e4tt l\u00f6sning f\u00f6r era behov.<\/p>\t\t\t\t\t\t\t\t<\/div>\n\t\t\t\t<\/div>\n\t\t\t\t<div class=\"elementor-element elementor-element-0795ccc elementor-widget elementor-widget-button\" data-id=\"0795ccc\" data-element_type=\"widget\" data-e-type=\"widget\" id=\"float-btn-side\" data-widget_type=\"button.default\">\n\t\t\t\t<div class=\"elementor-widget-container\">\n\t\t\t\t\t\t\t\t\t<div class=\"elementor-button-wrapper\">\n\t\t\t\t\t<a class=\"elementor-button elementor-button-link elementor-size-sm\" href=\"https:\/\/erabsweden.se\/kontakta-oss\/\">\n\t\t\t\t\t\t<span class=\"elementor-button-content-wrapper\">\n\t\t\t\t\t\t\t\t\t<span class=\"elementor-button-text\">Kontakta oss!<\/span>\n\t\t\t\t\t<\/span>\n\t\t\t\t\t<\/a>\n\t\t\t\t<\/div>\n\t\t\t\t\t\t\t\t<\/div>\n\t\t\t\t<\/div>\n\t\t\t\t\t<\/div>\n\t\t<\/div>\n\t\t\t\t\t<\/div>\n\t\t<\/section>\n\t\t\t\t\t<\/div>\n\t\t<\/div>\n\t\t\t\t\t<\/div>\n\t\t<\/section>\n\t\t\t\t<section class=\"elementor-section elementor-top-section elementor-element elementor-element-8919925 elementor-section-height-min-height elementor-section-boxed elementor-section-height-default elementor-section-items-middle\" data-id=\"8919925\" data-element_type=\"section\" data-e-type=\"section\" data-settings=\"{&quot;background_background&quot;:&quot;classic&quot;}\">\n\t\t\t\t\t\t<div class=\"elementor-container elementor-column-gap-default\">\n\t\t\t\t\t<div class=\"elementor-column elementor-col-100 elementor-top-column elementor-element elementor-element-fc696e2\" data-id=\"fc696e2\" data-element_type=\"column\" data-e-type=\"column\">\n\t\t\t<div class=\"elementor-widget-wrap elementor-element-populated\">\n\t\t\t\t\t\t<div class=\"elementor-element elementor-element-3a3c209 elementor-widget elementor-widget-heading\" data-id=\"3a3c209\" data-element_type=\"widget\" data-e-type=\"widget\" data-widget_type=\"heading.default\">\n\t\t\t\t<div class=\"elementor-widget-container\">\n\t\t\t\t\t<h2 class=\"elementor-heading-title elementor-size-default\">Vad kan vi hj\u00e4lpa dig med?<\/h2>\t\t\t\t<\/div>\n\t\t\t\t<\/div>\n\t\t\t\t<div class=\"elementor-element elementor-element-b15e545 elementor-tablet-button-align-end elementor-button-align-end elementor-widget elementor-widget-form\" data-id=\"b15e545\" data-element_type=\"widget\" data-e-type=\"widget\" data-settings=\"{&quot;step_next_label&quot;:&quot;Next&quot;,&quot;step_previous_label&quot;:&quot;Previous&quot;,&quot;button_width_tablet&quot;:&quot;100&quot;,&quot;step_type&quot;:&quot;number_text&quot;,&quot;step_icon_shape&quot;:&quot;circle&quot;}\" data-widget_type=\"form.default\">\n\t\t\t\t<div class=\"elementor-widget-container\">\n\t\t\t\t\t\t\t<form class=\"elementor-form\" method=\"post\" name=\"CTA Kontakta oss\" aria-label=\"CTA Kontakta oss\">\n\t\t\t<input type=\"hidden\" name=\"post_id\" value=\"2135\"\/>\n\t\t\t<input type=\"hidden\" name=\"form_id\" value=\"b15e545\"\/>\n\t\t\t<input type=\"hidden\" name=\"referer_title\" value=\"Vattenbilning av skorstenar i betong | ERAB\" \/>\n\n\t\t\t\t\t\t\t<input type=\"hidden\" name=\"queried_id\" value=\"2135\"\/>\n\t\t\t\n\t\t\t<div class=\"elementor-form-fields-wrapper elementor-labels-\">\n\t\t\t\t\t\t\t\t<div class=\"elementor-field-type-text elementor-field-group elementor-column elementor-field-group-name elementor-col-50 elementor-md-100 elementor-field-required\">\n\t\t\t\t\t\t\t\t\t\t\t\t<label for=\"form-field-name\" class=\"elementor-field-label elementor-screen-only\">\n\t\t\t\t\t\t\t\tNamn\t\t\t\t\t\t\t<\/label>\n\t\t\t\t\t\t\t\t\t\t\t\t\t\t<input size=\"1\" type=\"text\" name=\"form_fields[name]\" id=\"form-field-name\" class=\"elementor-field elementor-size-lg  elementor-field-textual\" placeholder=\"Namn\" required=\"required\">\n\t\t\t\t\t\t\t\t\t\t\t<\/div>\n\t\t\t\t\t\t\t\t<div class=\"elementor-field-type-text elementor-field-group elementor-column elementor-field-group-field_da7a06e elementor-col-50 elementor-md-100 elementor-field-required\">\n\t\t\t\t\t\t\t\t\t\t\t\t<label for=\"form-field-field_da7a06e\" class=\"elementor-field-label elementor-screen-only\">\n\t\t\t\t\t\t\t\tF\u00f6retag\t\t\t\t\t\t\t<\/label>\n\t\t\t\t\t\t\t\t\t\t\t\t\t\t<input size=\"1\" type=\"text\" name=\"form_fields[field_da7a06e]\" id=\"form-field-field_da7a06e\" class=\"elementor-field elementor-size-lg  elementor-field-textual\" placeholder=\"F\u00f6retag\" required=\"required\">\n\t\t\t\t\t\t\t\t\t\t\t<\/div>\n\t\t\t\t\t\t\t\t<div class=\"elementor-field-type-email elementor-field-group elementor-column elementor-field-group-email elementor-col-50 elementor-md-50 elementor-field-required\">\n\t\t\t\t\t\t\t\t\t\t\t\t<label for=\"form-field-email\" class=\"elementor-field-label elementor-screen-only\">\n\t\t\t\t\t\t\t\tE-postadress\t\t\t\t\t\t\t<\/label>\n\t\t\t\t\t\t\t\t\t\t\t\t\t\t<input size=\"1\" type=\"email\" name=\"form_fields[email]\" id=\"form-field-email\" class=\"elementor-field elementor-size-lg  elementor-field-textual\" placeholder=\"E-postadress\" required=\"required\">\n\t\t\t\t\t\t\t\t\t\t\t<\/div>\n\t\t\t\t\t\t\t\t<div class=\"elementor-field-type-tel elementor-field-group elementor-column elementor-field-group-field_1 elementor-col-50 elementor-md-50 elementor-field-required\">\n\t\t\t\t\t\t\t\t\t\t\t\t<label for=\"form-field-field_1\" class=\"elementor-field-label elementor-screen-only\">\n\t\t\t\t\t\t\t\tTelefon\t\t\t\t\t\t\t<\/label>\n\t\t\t\t\t\t\t\t<input size=\"1\" type=\"tel\" name=\"form_fields[field_1]\" id=\"form-field-field_1\" class=\"elementor-field elementor-size-lg  elementor-field-textual\" placeholder=\"Telefon\" required=\"required\" pattern=\"[0-9()#&amp;+*-=.]+\" title=\"Kun tal og telefontegn (#, -, * osv.) accepteres.\">\n\n\t\t\t\t\t\t<\/div>\n\t\t\t\t\t\t\t\t<div class=\"elementor-field-type-radio elementor-field-group elementor-column elementor-field-group-field_c670e84 elementor-col-100 elementor-field-required\">\n\t\t\t\t\t\t\t\t\t\t\t\t<label for=\"form-field-field_c670e84\" class=\"elementor-field-label elementor-screen-only\">\n\t\t\t\t\t\t\t\tHur kan vi hj\u00e4lpa dig?\t\t\t\t\t\t\t<\/label>\n\t\t\t\t\t\t<div class=\"elementor-field-subgroup  elementor-subgroup-inline\"><span class=\"elementor-field-option\"><input type=\"radio\" value=\"Generell fr\u00e5ga\" id=\"form-field-field_c670e84-0\" name=\"form_fields[field_c670e84]\" required=\"required\"> <label for=\"form-field-field_c670e84-0\">Generell fr\u00e5ga<\/label><\/span><span class=\"elementor-field-option\"><input type=\"radio\" value=\"Offert\" id=\"form-field-field_c670e84-1\" name=\"form_fields[field_c670e84]\" required=\"required\"> <label for=\"form-field-field_c670e84-1\">Offert<\/label><\/span><span class=\"elementor-field-option\"><input type=\"radio\" value=\"Kontakta mig\" id=\"form-field-field_c670e84-2\" name=\"form_fields[field_c670e84]\" required=\"required\"> <label for=\"form-field-field_c670e84-2\">Kontakta mig<\/label><\/span><\/div>\t\t\t\t<\/div>\n\t\t\t\t\t\t\t\t<div class=\"elementor-field-type-textarea elementor-field-group elementor-column elementor-field-group-field_fd70300 elementor-col-100\">\n\t\t\t\t\t\t\t\t\t\t\t\t<label for=\"form-field-field_fd70300\" class=\"elementor-field-label elementor-screen-only\">\n\t\t\t\t\t\t\t\tDitt meddelande\t\t\t\t\t\t\t<\/label>\n\t\t\t\t\t\t<textarea class=\"elementor-field-textual elementor-field  elementor-size-lg\" name=\"form_fields[field_fd70300]\" id=\"form-field-field_fd70300\" rows=\"4\" placeholder=\"Ditt meddelande\"><\/textarea>\t\t\t\t<\/div>\n\t\t\t\t\t\t\t\t<div class=\"elementor-field-type-recaptcha_v3 elementor-field-group elementor-column elementor-field-group-field_4b0d0db elementor-col-100 recaptcha_v3-bottomright\">\n\t\t\t\t\t<div class=\"elementor-field\" id=\"form-field-field_4b0d0db\"><div class=\"elementor-g-recaptcha\" data-sitekey=\"6LcartkeAAAAAAdLSjlOnN8p-HkPGuXtL_KNxN2-\" data-type=\"v3\" data-action=\"Form\" data-badge=\"bottomright\" data-size=\"invisible\"><\/div><\/div>\t\t\t\t<\/div>\n\t\t\t\t\t\t\t\t<div class=\"elementor-field-group elementor-column elementor-field-type-submit elementor-col-100 e-form__buttons elementor-md-100\">\n\t\t\t\t\t<button class=\"elementor-button elementor-size-lg\" type=\"submit\">\n\t\t\t\t\t\t<span class=\"elementor-button-content-wrapper\">\n\t\t\t\t\t\t\t\t\t\t\t\t\t\t\t\t\t\t\t\t\t\t<span class=\"elementor-button-text\">Skicka<\/span>\n\t\t\t\t\t\t\t\t\t\t\t\t\t<\/span>\n\t\t\t\t\t<\/button>\n\t\t\t\t<\/div>\n\t\t\t<\/div>\n\t\t<\/form>\n\t\t\t\t\t\t<\/div>\n\t\t\t\t<\/div>\n\t\t\t\t\t<\/div>\n\t\t<\/div>\n\t\t\t\t\t<\/div>\n\t\t<\/section>\n\t\t\t\t<\/div>\n\t\t","protected":false},"excerpt":{"rendered":"<p>Vattenbilning som metod Vattenbilning \u00e4r en milj\u00f6v\u00e4nlig metod som dessutom \u00e4r skonsam mot armering och underliggande konstruktion. Sv\u00e5r\u00e5tkomliga ytor kan l\u00e4ttare \u00e5tg\u00e4rdas med Vattenbilning. Principen \u00e4r att en vattenstr\u00e5le med modulerbart h\u00e5rdtryck bearbetar betongen selektivt. Genom att vattenstr\u00e5len trots sin h\u00f6ga bilningseffekt \u00e4r skonsam mot frisk betong och armering har metoden klara f\u00f6rdelar. Armering blir [&hellip;]<\/p>\n","protected":false},"author":1,"featured_media":0,"parent":0,"menu_order":0,"comment_status":"closed","ping_status":"closed","template":"","meta":{"inline_featured_image":false,"footnotes":""},"class_list":["post-2135","page","type-page","status-publish","hentry"],"_links":{"self":[{"href":"https:\/\/erabsweden.se\/da\/wp-json\/wp\/v2\/pages\/2135","targetHints":{"allow":["GET"]}}],"collection":[{"href":"https:\/\/erabsweden.se\/da\/wp-json\/wp\/v2\/pages"}],"about":[{"href":"https:\/\/erabsweden.se\/da\/wp-json\/wp\/v2\/types\/page"}],"author":[{"embeddable":true,"href":"https:\/\/erabsweden.se\/da\/wp-json\/wp\/v2\/users\/1"}],"replies":[{"embeddable":true,"href":"https:\/\/erabsweden.se\/da\/wp-json\/wp\/v2\/comments?post=2135"}],"version-history":[{"count":46,"href":"https:\/\/erabsweden.se\/da\/wp-json\/wp\/v2\/pages\/2135\/revisions"}],"predecessor-version":[{"id":5763,"href":"https:\/\/erabsweden.se\/da\/wp-json\/wp\/v2\/pages\/2135\/revisions\/5763"}],"wp:attachment":[{"href":"https:\/\/erabsweden.se\/da\/wp-json\/wp\/v2\/media?parent=2135"}],"curies":[{"name":"wp","href":"https:\/\/api.w.org\/{rel}","templated":true}]}}