{"id":2070,"date":"2022-02-28T10:44:09","date_gmt":"2022-02-28T09:44:09","guid":{"rendered":"https:\/\/erabsweden.se\/?page_id=2070"},"modified":"2025-11-25T19:59:18","modified_gmt":"2025-11-25T18:59:18","slug":"produktpolitikker","status":"publish","type":"page","link":"https:\/\/erabsweden.se\/da\/vara-policys\/","title":{"rendered":"Vores politikker"},"content":{"rendered":"\t\t<div data-elementor-type=\"wp-page\" data-elementor-id=\"2070\" class=\"elementor elementor-2070\" data-elementor-post-type=\"page\">\n\t\t\t\t\t\t<section class=\"elementor-section elementor-top-section elementor-element elementor-element-a6480fb elementor-section-boxed elementor-section-height-default elementor-section-height-default\" data-id=\"a6480fb\" data-element_type=\"section\" data-e-type=\"section\" id=\"inner-page\">\n\t\t\t\t\t\t<div class=\"elementor-container elementor-column-gap-default\">\n\t\t\t\t\t<div class=\"elementor-column elementor-col-100 elementor-top-column elementor-element elementor-element-c04bf16\" data-id=\"c04bf16\" data-element_type=\"column\" data-e-type=\"column\">\n\t\t\t<div class=\"elementor-widget-wrap elementor-element-populated\">\n\t\t\t\t\t\t<div class=\"elementor-element elementor-element-af44b59 elementor-widget elementor-widget-spacer\" data-id=\"af44b59\" data-element_type=\"widget\" data-e-type=\"widget\" data-widget_type=\"spacer.default\">\n\t\t\t\t<div class=\"elementor-widget-container\">\n\t\t\t\t\t\t\t<div class=\"elementor-spacer\">\n\t\t\t<div class=\"elementor-spacer-inner\"><\/div>\n\t\t<\/div>\n\t\t\t\t\t\t<\/div>\n\t\t\t\t<\/div>\n\t\t\t\t<div class=\"elementor-element elementor-element-cbd3912 elementor-widget elementor-widget-spacer\" data-id=\"cbd3912\" data-element_type=\"widget\" data-e-type=\"widget\" data-widget_type=\"spacer.default\">\n\t\t\t\t<div class=\"elementor-widget-container\">\n\t\t\t\t\t\t\t<div class=\"elementor-spacer\">\n\t\t\t<div class=\"elementor-spacer-inner\"><\/div>\n\t\t<\/div>\n\t\t\t\t\t\t<\/div>\n\t\t\t\t<\/div>\n\t\t\t\t<div class=\"elementor-element elementor-element-fd3e170 elementor-widget elementor-widget-image\" data-id=\"fd3e170\" data-element_type=\"widget\" data-e-type=\"widget\" data-widget_type=\"image.default\">\n\t\t\t\t<div class=\"elementor-widget-container\">\n\t\t\t\t\t\t\t\t\t\t\t\t\t\t\t<img fetchpriority=\"high\" decoding=\"async\" width=\"678\" height=\"451\" src=\"https:\/\/erabsweden.se\/wp-content\/uploads\/2025\/11\/ladda-ned.png\" class=\"attachment-full size-full wp-image-5820\" alt=\"\" srcset=\"https:\/\/erabsweden.se\/wp-content\/uploads\/2025\/11\/ladda-ned.png 678w, https:\/\/erabsweden.se\/wp-content\/uploads\/2025\/11\/ladda-ned-300x200.png 300w, https:\/\/erabsweden.se\/wp-content\/uploads\/2025\/11\/ladda-ned-18x12.png 18w\" sizes=\"(max-width: 678px) 100vw, 678px\" \/>\t\t\t\t\t\t\t\t\t\t\t\t\t\t\t<\/div>\n\t\t\t\t<\/div>\n\t\t\t\t<div class=\"elementor-element elementor-element-b5ee118 elementor-widget elementor-widget-heading\" data-id=\"b5ee118\" data-element_type=\"widget\" data-e-type=\"widget\" data-widget_type=\"heading.default\">\n\t\t\t\t<div class=\"elementor-widget-container\">\n\t\t\t\t\t<h2 class=\"elementor-heading-title elementor-size-default\">J\u00e4mst\u00e4lldhetspolicy<\/h2>\t\t\t\t<\/div>\n\t\t\t\t<\/div>\n\t\t\t\t<div class=\"elementor-element elementor-element-6de082d elementor-widget elementor-widget-text-editor\" data-id=\"6de082d\" data-element_type=\"widget\" data-e-type=\"widget\" data-widget_type=\"text-editor.default\">\n\t\t\t\t<div class=\"elementor-widget-container\">\n\t\t\t\t\t\t\t\t\t<p>Arbetsmilj\u00f6n inom v\u00e5r verksamhet skall vara trygg. En f\u00f6ruts\u00e4ttning f\u00f6r detta \u00e4r att arbetsplatsen \u00e4r fri fr\u00e5n diskriminering, kr\u00e4nkande s\u00e4rbehandling, sexuella trakasserier och att vi aktivt arbetar f\u00f6r j\u00e4mst\u00e4lldhet.<\/p><p>Med j\u00e4mst\u00e4lldhet menas att alla m\u00e4nniskors erfarenheter och kompetens skall v\u00e4rderas lika oavsett k\u00f6n, etnisk tillh\u00f6righet, religion eller annan trosuppfattning, funktionsvariation eller sexuell l\u00e4ggning. J\u00e4mst\u00e4lldhet inneb\u00e4r lika villkor f\u00f6r alla n\u00e4r det g\u00e4ller arbete, anst\u00e4llning och andra villkor samt utvecklingsm\u00f6jligheter.<\/p><p>F\u00f6ljande g\u00e4ller inom ERAB:<\/p><ul><li>Diskriminering, kr\u00e4nkande s\u00e4rbehandling eller sexuella trakasserier f\u00e5r inte f\u00f6rekomma.<\/li><li>Alla ska bed\u00f6ms och utv\u00e4rderas p\u00e5 objektiva grunder och inte utifr\u00e5n k\u00f6n, sexuell l\u00e4ggning, etnisk tillh\u00f6righet, religi\u00f6s tillh\u00f6righet eller funktionsvariation.<\/li><li>En \u00e4rlig och \u00f6ppen kultur ska r\u00e5da p\u00e5 arbetsplatsen s\u00e5 alla kan k\u00e4nna sig trygga att utrycka sig och utvecklas.<\/li><li>Alla p\u00e5 Erab ska verka f\u00f6r likabehandling och aktivt fr\u00e4mja allas lika r\u00e4ttigheter och m\u00f6jligheter.<\/li><li>Alla skall vidta \u00e5tg\u00e4rder f\u00f6r att f\u00f6rebygga och f\u00f6rhindra att n\u00e5gon uts\u00e4tts f\u00f6r kr\u00e4nkning, trakasserier eller diskriminering, och har ett eget ansvar f\u00f6r sin medverkan i j\u00e4mst\u00e4lldhetsarbetet.<\/li><li>Samtliga anst\u00e4llda p\u00e5 ERAB skall ha god k\u00e4nnedom om denna policy och aktuell diskrimineringslagstiftning.<\/li><\/ul>\t\t\t\t\t\t\t\t<\/div>\n\t\t\t\t<\/div>\n\t\t\t\t<section class=\"elementor-section elementor-inner-section elementor-element elementor-element-85ef678 elementor-section-boxed elementor-section-height-default elementor-section-height-default\" data-id=\"85ef678\" data-element_type=\"section\" data-e-type=\"section\">\n\t\t\t\t\t\t<div class=\"elementor-container elementor-column-gap-default\">\n\t\t\t\t\t<div class=\"elementor-column elementor-col-50 elementor-inner-column elementor-element elementor-element-af1d313\" data-id=\"af1d313\" data-element_type=\"column\" data-e-type=\"column\">\n\t\t\t<div class=\"elementor-widget-wrap elementor-element-populated\">\n\t\t\t\t\t\t<div class=\"elementor-element elementor-element-37f0c8c elementor-widget elementor-widget-heading\" data-id=\"37f0c8c\" data-element_type=\"widget\" data-e-type=\"widget\" data-widget_type=\"heading.default\">\n\t\t\t\t<div class=\"elementor-widget-container\">\n\t\t\t\t\t<h5 class=\"elementor-heading-title elementor-size-default\">Kvalitetspolicy<\/h5>\t\t\t\t<\/div>\n\t\t\t\t<\/div>\n\t\t\t\t<div class=\"elementor-element elementor-element-ac2f247 elementor-widget elementor-widget-text-editor\" data-id=\"ac2f247\" data-element_type=\"widget\" data-e-type=\"widget\" data-widget_type=\"text-editor.default\">\n\t\t\t\t<div class=\"elementor-widget-container\">\n\t\t\t\t\t\t\t\t\t<p><strong>Erab \u00e4r certifierat enligt ISO 9001 och 14001<\/strong><\/p><p>M\u00e5let med v\u00e5r f\u00f6retagets kvalitetsarbete \u00e4r att ha n\u00f6jda kunder. Erabs namn skall vara f\u00f6rknippat med h\u00f6g kvalitet vad g\u00e4ller personal och tj\u00e4nster.<\/p><p>Kvalitetspolicyn ska vara k\u00e4nd av alla medarbetare p\u00e5 Erab. Kvalitet \u00e4r den viktigaste framg\u00e5ngsfaktorn f\u00f6r en positiv kundupplevelse och f\u00f6rverksamhetens utveckling och framg\u00e5ng. Kvalitet uppn\u00e5s genom att arbeta med st\u00e4ndiga f\u00f6rb\u00e4ttringar och l\u00e4ra oss av v\u00e5ra misstag. Vi utv\u00e4rderar kontinuerligt olika arbetss\u00e4tt och vidtar a\u030atga\u0308rder fo\u0308r att skapa f\u00f6rb\u00e4ttringar.<\/p><p>Erabs medarbetare ska upptr\u00e4da ansvarsfullt och i enlighet med v\u00e5ra v\u00e4rderingar och v\u00e5r uppf\u00f6randekod. Genom att arbeta \u00f6ppet, \u00e4rligt och i n\u00e4ra samarbete med v\u00e5r personal och kunder s\u00e4kerst\u00e4ller vi tillsammans att vi levererar r\u00e4tt kvalitet.<\/p><p><strong>Vi ska:<\/strong><\/p><ul><li>G\u00f6ra r\u00e4tt fr\u00e5n b\u00f6rjan<\/li><li>Leverera p\u00e5 avtalad tid<\/li><li>Tillsammans med kund specificera krav som vi har f\u00f6ruts\u00e4ttningar att uppfylla.<\/li><li>Endast anv\u00e4nda godk\u00e4nd utrustning enligt fastst\u00e4llda myndighetskrav, egna krav.<\/li><li>S\u00e4kerst\u00e4lla att standardkrav samt kundens och egna krav och \u00f6nskem\u00e5l uppfyllts. Varje medarbetare ska vara kompetent f\u00f6r uppgiften och tilldelas ansvar och befogenheter f\u00f6r att p\u00e5 ett engagerat s\u00e4tt kunna uppfylla kundens krav<\/li><\/ul>\t\t\t\t\t\t\t\t<\/div>\n\t\t\t\t<\/div>\n\t\t\t\t<div class=\"elementor-element elementor-element-66adb5d elementor-widget elementor-widget-image\" data-id=\"66adb5d\" data-element_type=\"widget\" data-e-type=\"widget\" data-widget_type=\"image.default\">\n\t\t\t\t<div class=\"elementor-widget-container\">\n\t\t\t\t\t\t\t\t\t\t\t\t\t\t\t<img decoding=\"async\" width=\"225\" height=\"225\" src=\"https:\/\/erabsweden.se\/wp-content\/uploads\/2024\/07\/kvalitet.jpg\" class=\"attachment-medium size-medium wp-image-5375\" alt=\"\" srcset=\"https:\/\/erabsweden.se\/wp-content\/uploads\/2024\/07\/kvalitet.jpg 225w, https:\/\/erabsweden.se\/wp-content\/uploads\/2024\/07\/kvalitet-150x150.jpg 150w, https:\/\/erabsweden.se\/wp-content\/uploads\/2024\/07\/kvalitet-12x12.jpg 12w\" sizes=\"(max-width: 225px) 100vw, 225px\" \/>\t\t\t\t\t\t\t\t\t\t\t\t\t\t\t<\/div>\n\t\t\t\t<\/div>\n\t\t\t\t\t<\/div>\n\t\t<\/div>\n\t\t\t\t<div class=\"elementor-column elementor-col-50 elementor-inner-column elementor-element elementor-element-0c2001f\" data-id=\"0c2001f\" data-element_type=\"column\" data-e-type=\"column\">\n\t\t\t<div class=\"elementor-widget-wrap elementor-element-populated\">\n\t\t\t\t\t\t<div class=\"elementor-element elementor-element-266ab62 elementor-widget elementor-widget-heading\" data-id=\"266ab62\" data-element_type=\"widget\" data-e-type=\"widget\" data-widget_type=\"heading.default\">\n\t\t\t\t<div class=\"elementor-widget-container\">\n\t\t\t\t\t<h5 class=\"elementor-heading-title elementor-size-default\">Arbetsmiljo\u0308policy<\/h5>\t\t\t\t<\/div>\n\t\t\t\t<\/div>\n\t\t\t\t<div class=\"elementor-element elementor-element-2f1c6f6 elementor-widget elementor-widget-text-editor\" data-id=\"2f1c6f6\" data-element_type=\"widget\" data-e-type=\"widget\" data-widget_type=\"text-editor.default\">\n\t\t\t\t<div class=\"elementor-widget-container\">\n\t\t\t\t\t\t\t\t\t<p>Arbetsmilj\u00f6n i v\u00e5r verksamhet ska vara s\u00e5dan att de som arbetar hos oss inte drabbas av oh\u00e4lsa eller kommer till skada p\u00e5 grund av arbetet och att de trivs och kan utvecklas b\u00e5de yrkesm\u00e4ssigt och som individer. Arbetsmilj\u00f6arbetet ska genomsyra alla beslut som fattas och alla aktiviteter som genomf\u00f6rs.<\/p><p>Vi accepterar ingen form av mobbning eller trakasserier p\u00e5 v\u00e5r arbetsplats. V\u00e5r arbetsmilj\u00f6 ska pr\u00e4glas av en \u00f6ppenhet och alla individer ska behandlas j\u00e4mlikt och med respekt. Vi ska minst uppfylla den arbetsmilj\u00f6lagstiftning som vi omfattas av och str\u00e4var efter att hela tiden f\u00f6rb\u00e4ttra v\u00e5r arbetsmilj\u00f6 s\u00e5v\u00e4l organisatoriskt och socialt som fysiskt.<\/p>\t\t\t\t\t\t\t\t<\/div>\n\t\t\t\t<\/div>\n\t\t\t\t<div class=\"elementor-element elementor-element-a63436b elementor-widget elementor-widget-image\" data-id=\"a63436b\" data-element_type=\"widget\" data-e-type=\"widget\" data-widget_type=\"image.default\">\n\t\t\t\t<div class=\"elementor-widget-container\">\n\t\t\t\t\t\t\t\t\t\t\t\t\t\t\t<img decoding=\"async\" width=\"300\" height=\"300\" src=\"https:\/\/erabsweden.se\/wp-content\/uploads\/2024\/07\/SAMhjulet-300x300.jpg\" class=\"attachment-medium size-medium wp-image-5415\" alt=\"\" srcset=\"https:\/\/erabsweden.se\/wp-content\/uploads\/2024\/07\/SAMhjulet-300x300.jpg 300w, https:\/\/erabsweden.se\/wp-content\/uploads\/2024\/07\/SAMhjulet-1024x1024.jpg 1024w, https:\/\/erabsweden.se\/wp-content\/uploads\/2024\/07\/SAMhjulet-150x150.jpg 150w, https:\/\/erabsweden.se\/wp-content\/uploads\/2024\/07\/SAMhjulet-768x767.jpg 768w, https:\/\/erabsweden.se\/wp-content\/uploads\/2024\/07\/SAMhjulet-12x12.jpg 12w, https:\/\/erabsweden.se\/wp-content\/uploads\/2024\/07\/SAMhjulet.jpg 1048w\" sizes=\"(max-width: 300px) 100vw, 300px\" \/>\t\t\t\t\t\t\t\t\t\t\t\t\t\t\t<\/div>\n\t\t\t\t<\/div>\n\t\t\t\t\t<\/div>\n\t\t<\/div>\n\t\t\t\t\t<\/div>\n\t\t<\/section>\n\t\t\t\t<section class=\"elementor-section elementor-inner-section elementor-element elementor-element-9b89c76 elementor-section-boxed elementor-section-height-default elementor-section-height-default\" data-id=\"9b89c76\" data-element_type=\"section\" data-e-type=\"section\">\n\t\t\t\t\t\t<div class=\"elementor-container elementor-column-gap-default\">\n\t\t\t\t\t<div class=\"elementor-column elementor-col-100 elementor-inner-column elementor-element elementor-element-276abab\" data-id=\"276abab\" data-element_type=\"column\" data-e-type=\"column\">\n\t\t\t<div class=\"elementor-widget-wrap\">\n\t\t\t\t\t\t\t<\/div>\n\t\t<\/div>\n\t\t\t\t\t<\/div>\n\t\t<\/section>\n\t\t\t\t<section class=\"elementor-section elementor-inner-section elementor-element elementor-element-4dece02 elementor-section-boxed elementor-section-height-default elementor-section-height-default\" data-id=\"4dece02\" data-element_type=\"section\" data-e-type=\"section\">\n\t\t\t\t\t\t<div class=\"elementor-container elementor-column-gap-default\">\n\t\t\t\t\t<div class=\"elementor-column elementor-col-100 elementor-inner-column elementor-element elementor-element-f3f2db3\" data-id=\"f3f2db3\" data-element_type=\"column\" data-e-type=\"column\">\n\t\t\t<div class=\"elementor-widget-wrap\">\n\t\t\t\t\t\t\t<\/div>\n\t\t<\/div>\n\t\t\t\t\t<\/div>\n\t\t<\/section>\n\t\t\t\t<div class=\"elementor-element elementor-element-8a12885 elementor-widget elementor-widget-heading\" data-id=\"8a12885\" data-element_type=\"widget\" data-e-type=\"widget\" data-widget_type=\"heading.default\">\n\t\t\t\t<div class=\"elementor-widget-container\">\n\t\t\t\t\t<h2 class=\"elementor-heading-title elementor-size-default\">\u00d6vriga policys<\/h2>\t\t\t\t<\/div>\n\t\t\t\t<\/div>\n\t\t\t\t<div class=\"elementor-element elementor-element-50a13f7 elementor-widget elementor-widget-text-editor\" data-id=\"50a13f7\" data-element_type=\"widget\" data-e-type=\"widget\" data-widget_type=\"text-editor.default\">\n\t\t\t\t<div class=\"elementor-widget-container\">\n\t\t\t\t\t\t\t\t\t<ul><li>Policy mot kr\u00e4nkande s\u00e4rbehandling<\/li><li>H\u00e5llbarhetspolicy<\/li><li>Trafiks\u00e4kerhetspolicy<\/li><\/ul>\t\t\t\t\t\t\t\t<\/div>\n\t\t\t\t<\/div>\n\t\t\t\t\t<\/div>\n\t\t<\/div>\n\t\t\t\t\t<\/div>\n\t\t<\/section>\n\t\t\t\t<section class=\"elementor-section elementor-top-section elementor-element elementor-element-f08b66b elementor-section-height-min-height elementor-section-boxed elementor-section-height-default elementor-section-items-middle\" data-id=\"f08b66b\" data-element_type=\"section\" data-e-type=\"section\" data-settings=\"{&quot;background_background&quot;:&quot;classic&quot;}\">\n\t\t\t\t\t\t<div class=\"elementor-container elementor-column-gap-default\">\n\t\t\t\t\t<div class=\"elementor-column elementor-col-100 elementor-top-column elementor-element elementor-element-fc2b49c\" data-id=\"fc2b49c\" data-element_type=\"column\" data-e-type=\"column\">\n\t\t\t<div class=\"elementor-widget-wrap elementor-element-populated\">\n\t\t\t\t\t\t<div class=\"elementor-element elementor-element-787686e elementor-widget elementor-widget-heading\" data-id=\"787686e\" data-element_type=\"widget\" data-e-type=\"widget\" data-widget_type=\"heading.default\">\n\t\t\t\t<div class=\"elementor-widget-container\">\n\t\t\t\t\t<h2 class=\"elementor-heading-title elementor-size-default\">Vad kan vi hj\u00e4lpa dig med?<\/h2>\t\t\t\t<\/div>\n\t\t\t\t<\/div>\n\t\t\t\t<div class=\"elementor-element elementor-element-b537836 elementor-tablet-button-align-end elementor-button-align-end elementor-widget elementor-widget-form\" data-id=\"b537836\" data-element_type=\"widget\" data-e-type=\"widget\" data-settings=\"{&quot;step_next_label&quot;:&quot;Next&quot;,&quot;step_previous_label&quot;:&quot;Previous&quot;,&quot;button_width_tablet&quot;:&quot;100&quot;,&quot;step_type&quot;:&quot;number_text&quot;,&quot;step_icon_shape&quot;:&quot;circle&quot;}\" data-widget_type=\"form.default\">\n\t\t\t\t<div class=\"elementor-widget-container\">\n\t\t\t\t\t\t\t<form class=\"elementor-form\" method=\"post\" name=\"CTA Kontakta oss\" aria-label=\"CTA Kontakta oss\">\n\t\t\t<input type=\"hidden\" name=\"post_id\" value=\"2070\"\/>\n\t\t\t<input type=\"hidden\" name=\"form_id\" value=\"b537836\"\/>\n\t\t\t<input type=\"hidden\" name=\"referer_title\" value=\"V\u00e5ra policys - ERAB\" \/>\n\n\t\t\t\t\t\t\t<input type=\"hidden\" name=\"queried_id\" value=\"2070\"\/>\n\t\t\t\n\t\t\t<div class=\"elementor-form-fields-wrapper elementor-labels-\">\n\t\t\t\t\t\t\t\t<div class=\"elementor-field-type-text elementor-field-group elementor-column elementor-field-group-name elementor-col-50 elementor-md-100 elementor-field-required\">\n\t\t\t\t\t\t\t\t\t\t\t\t<label for=\"form-field-name\" class=\"elementor-field-label elementor-screen-only\">\n\t\t\t\t\t\t\t\tNamn\t\t\t\t\t\t\t<\/label>\n\t\t\t\t\t\t\t\t\t\t\t\t\t\t<input size=\"1\" type=\"text\" name=\"form_fields[name]\" id=\"form-field-name\" class=\"elementor-field elementor-size-lg  elementor-field-textual\" placeholder=\"Namn\" required=\"required\">\n\t\t\t\t\t\t\t\t\t\t\t<\/div>\n\t\t\t\t\t\t\t\t<div class=\"elementor-field-type-text elementor-field-group elementor-column elementor-field-group-field_da7a06e elementor-col-50 elementor-md-100 elementor-field-required\">\n\t\t\t\t\t\t\t\t\t\t\t\t<label for=\"form-field-field_da7a06e\" class=\"elementor-field-label elementor-screen-only\">\n\t\t\t\t\t\t\t\tF\u00f6retag\t\t\t\t\t\t\t<\/label>\n\t\t\t\t\t\t\t\t\t\t\t\t\t\t<input size=\"1\" type=\"text\" name=\"form_fields[field_da7a06e]\" id=\"form-field-field_da7a06e\" class=\"elementor-field elementor-size-lg  elementor-field-textual\" placeholder=\"F\u00f6retag\" required=\"required\">\n\t\t\t\t\t\t\t\t\t\t\t<\/div>\n\t\t\t\t\t\t\t\t<div class=\"elementor-field-type-email elementor-field-group elementor-column elementor-field-group-email elementor-col-50 elementor-md-50 elementor-field-required\">\n\t\t\t\t\t\t\t\t\t\t\t\t<label for=\"form-field-email\" class=\"elementor-field-label elementor-screen-only\">\n\t\t\t\t\t\t\t\tE-postadress\t\t\t\t\t\t\t<\/label>\n\t\t\t\t\t\t\t\t\t\t\t\t\t\t<input size=\"1\" type=\"email\" name=\"form_fields[email]\" id=\"form-field-email\" class=\"elementor-field elementor-size-lg  elementor-field-textual\" placeholder=\"E-postadress\" required=\"required\">\n\t\t\t\t\t\t\t\t\t\t\t<\/div>\n\t\t\t\t\t\t\t\t<div class=\"elementor-field-type-tel elementor-field-group elementor-column elementor-field-group-field_1 elementor-col-50 elementor-md-50 elementor-field-required\">\n\t\t\t\t\t\t\t\t\t\t\t\t<label for=\"form-field-field_1\" class=\"elementor-field-label elementor-screen-only\">\n\t\t\t\t\t\t\t\tTelefon\t\t\t\t\t\t\t<\/label>\n\t\t\t\t\t\t\t\t<input size=\"1\" type=\"tel\" name=\"form_fields[field_1]\" id=\"form-field-field_1\" class=\"elementor-field elementor-size-lg  elementor-field-textual\" placeholder=\"Telefon\" required=\"required\" pattern=\"[0-9()#&amp;+*-=.]+\" title=\"Only numbers and phone characters (#, -, *, etc) are accepted.\">\n\n\t\t\t\t\t\t<\/div>\n\t\t\t\t\t\t\t\t<div class=\"elementor-field-type-radio elementor-field-group elementor-column elementor-field-group-field_c670e84 elementor-col-100 elementor-field-required\">\n\t\t\t\t\t\t\t\t\t\t\t\t<label for=\"form-field-field_c670e84\" class=\"elementor-field-label elementor-screen-only\">\n\t\t\t\t\t\t\t\tHur kan vi hj\u00e4lpa dig?\t\t\t\t\t\t\t<\/label>\n\t\t\t\t\t\t<div class=\"elementor-field-subgroup  elementor-subgroup-inline\"><span class=\"elementor-field-option\"><input type=\"radio\" value=\"Generell fr\u00e5ga\" id=\"form-field-field_c670e84-0\" name=\"form_fields[field_c670e84]\" required=\"required\"> <label for=\"form-field-field_c670e84-0\">Generell fr\u00e5ga<\/label><\/span><span class=\"elementor-field-option\"><input type=\"radio\" value=\"Offert\" id=\"form-field-field_c670e84-1\" name=\"form_fields[field_c670e84]\" required=\"required\"> <label for=\"form-field-field_c670e84-1\">Offert<\/label><\/span><span class=\"elementor-field-option\"><input type=\"radio\" value=\"Kontakta mig\" id=\"form-field-field_c670e84-2\" name=\"form_fields[field_c670e84]\" required=\"required\"> <label for=\"form-field-field_c670e84-2\">Kontakta mig<\/label><\/span><\/div>\t\t\t\t<\/div>\n\t\t\t\t\t\t\t\t<div class=\"elementor-field-type-textarea elementor-field-group elementor-column elementor-field-group-field_fd70300 elementor-col-100\">\n\t\t\t\t\t\t\t\t\t\t\t\t<label for=\"form-field-field_fd70300\" class=\"elementor-field-label elementor-screen-only\">\n\t\t\t\t\t\t\t\tDitt meddelande\t\t\t\t\t\t\t<\/label>\n\t\t\t\t\t\t<textarea class=\"elementor-field-textual elementor-field  elementor-size-lg\" name=\"form_fields[field_fd70300]\" id=\"form-field-field_fd70300\" rows=\"4\" placeholder=\"Ditt meddelande\"><\/textarea>\t\t\t\t<\/div>\n\t\t\t\t\t\t\t\t<div class=\"elementor-field-type-recaptcha_v3 elementor-field-group elementor-column elementor-field-group-field_4b0d0db elementor-col-100 recaptcha_v3-bottomright\">\n\t\t\t\t\t<div class=\"elementor-field\" id=\"form-field-field_4b0d0db\"><div class=\"elementor-g-recaptcha\" data-sitekey=\"6LcartkeAAAAAAdLSjlOnN8p-HkPGuXtL_KNxN2-\" data-type=\"v3\" data-action=\"Form\" data-badge=\"bottomright\" data-size=\"invisible\"><\/div><\/div>\t\t\t\t<\/div>\n\t\t\t\t\t\t\t\t<div class=\"elementor-field-group elementor-column elementor-field-type-submit elementor-col-100 e-form__buttons elementor-md-100\">\n\t\t\t\t\t<button class=\"elementor-button elementor-size-lg\" type=\"submit\">\n\t\t\t\t\t\t<span class=\"elementor-button-content-wrapper\">\n\t\t\t\t\t\t\t\t\t\t\t\t\t\t\t\t\t\t\t\t\t\t<span class=\"elementor-button-text\">Skicka<\/span>\n\t\t\t\t\t\t\t\t\t\t\t\t\t<\/span>\n\t\t\t\t\t<\/button>\n\t\t\t\t<\/div>\n\t\t\t<\/div>\n\t\t<\/form>\n\t\t\t\t\t\t<\/div>\n\t\t\t\t<\/div>\n\t\t\t\t\t<\/div>\n\t\t<\/div>\n\t\t\t\t\t<\/div>\n\t\t<\/section>\n\t\t\t\t<\/div>\n\t\t","protected":false},"excerpt":{"rendered":"<p>J\u00e4mst\u00e4lldhetspolicy Arbetsmilj\u00f6n inom v\u00e5r verksamhet skall vara trygg. En f\u00f6ruts\u00e4ttning f\u00f6r detta \u00e4r att arbetsplatsen \u00e4r fri fr\u00e5n diskriminering, kr\u00e4nkande s\u00e4rbehandling, sexuella trakasserier och att vi aktivt arbetar f\u00f6r j\u00e4mst\u00e4lldhet. Med j\u00e4mst\u00e4lldhet menas att alla m\u00e4nniskors erfarenheter och kompetens skall v\u00e4rderas lika oavsett k\u00f6n, etnisk tillh\u00f6righet, religion eller annan trosuppfattning, funktionsvariation eller sexuell l\u00e4ggning. J\u00e4mst\u00e4lldhet [&hellip;]<\/p>\n","protected":false},"author":1,"featured_media":0,"parent":0,"menu_order":0,"comment_status":"closed","ping_status":"closed","template":"","meta":{"inline_featured_image":false,"footnotes":""},"class_list":["post-2070","page","type-page","status-publish","hentry"],"_links":{"self":[{"href":"https:\/\/erabsweden.se\/da\/wp-json\/wp\/v2\/pages\/2070","targetHints":{"allow":["GET"]}}],"collection":[{"href":"https:\/\/erabsweden.se\/da\/wp-json\/wp\/v2\/pages"}],"about":[{"href":"https:\/\/erabsweden.se\/da\/wp-json\/wp\/v2\/types\/page"}],"author":[{"embeddable":true,"href":"https:\/\/erabsweden.se\/da\/wp-json\/wp\/v2\/users\/1"}],"replies":[{"embeddable":true,"href":"https:\/\/erabsweden.se\/da\/wp-json\/wp\/v2\/comments?post=2070"}],"version-history":[{"count":85,"href":"https:\/\/erabsweden.se\/da\/wp-json\/wp\/v2\/pages\/2070\/revisions"}],"predecessor-version":[{"id":5823,"href":"https:\/\/erabsweden.se\/da\/wp-json\/wp\/v2\/pages\/2070\/revisions\/5823"}],"wp:attachment":[{"href":"https:\/\/erabsweden.se\/da\/wp-json\/wp\/v2\/media?parent=2070"}],"curies":[{"name":"wp","href":"https:\/\/api.w.org\/{rel}","templated":true}]}}